{"id":125,"date":"2025-11-14T02:13:23","date_gmt":"2025-11-14T02:13:23","guid":{"rendered":"https:\/\/tractor-stone-crusher.com\/?page_id=125"},"modified":"2025-11-14T02:15:18","modified_gmt":"2025-11-14T02:15:18","slug":"contact-us","status":"publish","type":"page","link":"https:\/\/tractor-stone-crusher.com\/vi\/contact-us\/","title":{"rendered":"Li\u00ean h\u1ec7 v\u1edbi ch\u00fang t\u00f4i"},"content":{"rendered":"<p>[et_pb_section fb_built=&#8221;1&#8243; admin_label=&#8221;Header&#8221; _builder_version=&#8221;4.16&#8243; background_color=&#8221;#22272a&#8221; background_image=&#8221;https:\/\/tractor-stone-crusher.com\/wp-content\/uploads\/2025\/11\/venture_17.png&#8221; parallax=&#8221;on&#8221; global_colors_info=&#8221;{}&#8221;][et_pb_row _builder_version=&#8221;4.16&#8243; global_colors_info=&#8221;{}&#8221;][et_pb_column type=&#8221;4_4&#8243; _builder_version=&#8221;4.16&#8243; global_colors_info=&#8221;{}&#8221;][et_pb_text _builder_version=&#8221;4.16&#8243; header_font=&#8221;Merriweather||||||||&#8221; header_font_size=&#8221;80px&#8221; header_line_height=&#8221;1.4em&#8221; text_orientation=&#8221;center&#8221; background_layout=&#8221;dark&#8221; header_font_size_tablet=&#8221;54px&#8221; header_font_size_phone=&#8221;34px&#8221; header_font_size_last_edited=&#8221;on|phone&#8221; global_colors_info=&#8221;{}&#8221;]<\/p>\n<h1>Li\u00ean h\u1ec7 v\u1edbi ch\u00fang t\u00f4i<\/h1>\n<p>[\/et_pb_text][\/et_pb_column][\/et_pb_row][\/et_pb_section][et_pb_section fb_built=&#8221;1&#8243; custom_padding_last_edited=&#8221;off|desktop&#8221; admin_label=&#8221;Contact&#8221; _builder_version=&#8221;4.16&#8243; custom_padding=&#8221;0px|||||&#8221; custom_padding_phone=&#8221;60px||60px||true|false&#8221; global_colors_info=&#8221;{}&#8221;][et_pb_row column_structure=&#8221;3_5,2_5&#8243; make_equal=&#8221;on&#8221; _builder_version=&#8221;4.27.4&#8243; background_enable_image=&#8221;off&#8221; width=&#8221;100%&#8221; max_width=&#8221;100%&#8221; custom_padding=&#8221;0px||0px||true|false&#8221; global_colors_info=&#8221;{}&#8221;][et_pb_column type=&#8221;3_5&#8243; _builder_version=&#8221;4.16&#8243; background_color=&#8221;rgba(0,0,0,0)&#8221; custom_padding=&#8221;100px|40px|100px|40px|true|true&#8221; custom_padding_tablet=&#8221;&#8221; custom_padding_phone=&#8221;60px||60px||true|false&#8221; custom_padding_last_edited=&#8221;on|desktop&#8221; global_colors_info=&#8221;{}&#8221;][et_pb_code _builder_version=&#8221;4.27.4&#8243; _module_preset=&#8221;default&#8221; text_orientation=&#8221;center&#8221; width=&#8221;100%&#8221; global_colors_info=&#8221;{}&#8221;]<iframe src=\"https:\/\/www.google.com\/maps\/embed?pb=!1m18!1m12!1m3!1d215526.79736110687!2d118.12589856600809!3d-32.42970486153774!2m3!1f0!2f0!3f0!3m2!1i1024!2i768!4f13.1!3m3!1m2!1s0x2a35c2aef4ab99b1%3A0x400f6382479f8b0!2sKondinin%20WA%206367%2C%20Australia!5e0!3m2!1sen!2sus!4v1763084896409!5m2!1sen!2sus\" width=\"600\" height=\"450\" style=\"border:0;\" allowfullscreen=\"\" loading=\"lazy\" referrerpolicy=\"no-referrer-when-downgrade\"><\/iframe>[\/et_pb_code][\/et_pb_column][et_pb_column type=&#8221;2_5&#8243; _builder_version=&#8221;4.27.4&#8243; background_enable_color=&#8221;off&#8221; use_background_color_gradient=&#8221;on&#8221; background_color_gradient_stops=&#8221;#ffce32 0%|rgba(255,255,255,0.55) 100%&#8221; background_color_gradient_overlays_image=&#8221;on&#8221; background_color_gradient_start=&#8221;#ffce32&#8243; background_color_gradient_end=&#8221;rgba(255,255,255,0.55)&#8221; background_image=&#8221;https:\/\/tractor-stone-crusher.com\/wp-content\/uploads\/2025\/11\/tractor-stone-crusher-6.webp&#8221; custom_padding=&#8221;100px|40px|100px|40px|true|true&#8221; custom_padding_tablet=&#8221;&#8221; custom_padding_phone=&#8221;60px||60px||true|false&#8221; custom_padding_last_edited=&#8221;on|desktop&#8221; global_colors_info=&#8221;{}&#8221;][et_pb_text _builder_version=&#8221;4.27.4&#8243; text_text_color=&#8221;#22272a&#8221; text_font_size=&#8221;16px&#8221; text_line_height=&#8221;2em&#8221; header_3_font=&#8221;Merriweather||||||||&#8221; header_3_font_size=&#8221;40px&#8221; header_3_line_height=&#8221;1.4em&#8221; text_orientation=&#8221;center&#8221; max_width=&#8221;800px&#8221; max_width_tablet=&#8221;600px&#8221; max_width_phone=&#8221;400px&#8221; max_width_last_edited=&#8221;on|phone&#8221; module_alignment=&#8221;center&#8221; header_3_font_size_tablet=&#8221;36px&#8221; header_3_font_size_phone=&#8221;24px&#8221; header_3_font_size_last_edited=&#8221;on|desktop&#8221; locked=&#8221;off&#8221; global_colors_info=&#8221;{}&#8221;]<\/p>\n<h3>Mua m\u00e1y nghi\u1ec1n \u0111\u00e1 k\u00e9o<\/h3>\n<p>C\u00f4ng ty ch\u00fang t\u00f4i l\u00e0 nh\u00e0 s\u1ea3n xu\u1ea5t chuy\u00ean nghi\u1ec7p m\u00e1y nghi\u1ec1n \u0111\u00e1 g\u1eafn tr\u00ean m\u00e1y k\u00e9o, cung c\u1ea5p \u0111\u1ea7y \u0111\u1ee7 c\u00e1c lo\u1ea1i thi\u1ebft b\u1ecb nghi\u1ec1n ch\u1ea5t l\u01b0\u1ee3ng cao ph\u00f9 h\u1ee3p cho ng\u00e0nh n\u00f4ng nghi\u1ec7p v\u00e0 x\u00e2y d\u1ef1ng. N\u1ebfu qu\u00fd kh\u00e1ch c\u1ea7n m\u00e1y nghi\u1ec1n \u0111\u00e1 ho\u1eb7c c\u00e1c ph\u1ee5 t\u00f9ng kh\u00e1c, vui l\u00f2ng li\u00ean h\u1ec7 v\u1edbi ch\u00fang t\u00f4i qua email; ch\u00fang t\u00f4i s\u1ebd tr\u1ea3 l\u1eddi trong v\u00f2ng 24 gi\u1edd.<\/p>\n<p>[\/et_pb_text][et_pb_button button_url=&#8221;#contacts&#8221; button_text=&#8221;Send Email&#8221; button_alignment=&#8221;center&#8221; _builder_version=&#8221;4.27.4&#8243; custom_button=&#8221;on&#8221; button_text_size=&#8221;14px&#8221; button_text_color=&#8221;#ffffff&#8221; button_bg_color=&#8221;#22272a&#8221; button_border_width=&#8221;0px&#8221; button_border_radius=&#8221;0px&#8221; button_letter_spacing=&#8221;1px&#8221; button_font=&#8221;|700||on|||||&#8221; custom_padding=&#8221;16px|28px|16px|28px|true|true&#8221; locked=&#8221;off&#8221; global_colors_info=&#8221;{}&#8221; box_shadow_color__hover=&#8221;#2585b2&#8243; box_shadow_blur__hover_enabled=&#8221;on&#8221; box_shadow_blur__hover=&#8221;40px&#8221; box_shadow_vertical__hover_enabled=&#8221;on&#8221; box_shadow_vertical__hover=&#8221;20px&#8221;][\/et_pb_button][\/et_pb_column][\/et_pb_row][\/et_pb_section][et_pb_section fb_built=&#8221;1&#8243; admin_label=&#8221;Footer&#8221; _builder_version=&#8221;4.16&#8243; global_colors_info=&#8221;{}&#8221; custom_padding=&#8221;0px|||||&#8221;][et_pb_row column_structure=&#8221;1_4,1_4,1_4,1_4&#8243; _builder_version=&#8221;4.16&#8243; global_colors_info=&#8221;{}&#8221;][et_pb_column type=&#8221;1_4&#8243; _builder_version=&#8221;4.16&#8243; global_colors_info=&#8221;{}&#8221;][et_pb_text _builder_version=&#8221;4.27.4&#8243; text_line_height=&#8221;2em&#8221; link_font=&#8221;||||on||||&#8221; link_text_color=&#8221;#3f3fff&#8221; header_font=&#8221;||||||||&#8221; header_4_font=&#8221;Merriweather||||||||&#8221; header_4_font_size=&#8221;16px&#8221; header_4_line_height=&#8221;1.4em&#8221; max_width=&#8221;800px&#8221; header_4_font_size_tablet=&#8221;16px&#8221; header_4_font_size_phone=&#8221;14px&#8221; header_4_font_size_last_edited=&#8221;on|desktop&#8221; locked=&#8221;off&#8221; global_colors_info=&#8221;{}&#8221;]<\/p>\n<h4>C\u00f4ng ty ch\u00fang t\u00f4i<span><\/span><\/h4>\n<article class=\"4ever-article\"><span data-type=\"text\">C\u00f4ng ty TNHH M\u00e1y nghi\u1ec1n \u0111\u00e1 Watanabe Tractor \u00dac<\/span><\/article>\n<p class=\"bwoZTb fontBodyMedium\"><span>\u00a0<\/span><\/p>\n<p class=\"bwoZTb fontBodyMedium\">[\/et_pb_text][\/et_pb_column][et_pb_column type=&#8221;1_4&#8243; _builder_version=&#8221;4.16&#8243; global_colors_info=&#8221;{}&#8221;][et_pb_text _builder_version=&#8221;4.27.4&#8243; text_line_height=&#8221;2em&#8221; link_font=&#8221;||||on||||&#8221; link_text_color=&#8221;#3f3fff&#8221; header_font=&#8221;||||||||&#8221; header_4_font=&#8221;Merriweather||||||||&#8221; header_4_font_size=&#8221;16px&#8221; header_4_line_height=&#8221;1.4em&#8221; max_width=&#8221;800px&#8221; header_4_font_size_tablet=&#8221;16px&#8221; header_4_font_size_phone=&#8221;14px&#8221; header_4_font_size_last_edited=&#8221;on|desktop&#8221; locked=&#8221;off&#8221; global_colors_info=&#8221;{}&#8221;]<\/p>\n<h4>Li\u00ean h\u1ec7 v\u1edbi ch\u00fang t\u00f4i<\/h4>\n<p><a href=\"mailto:sales@tractor-stone-crusher.com\">sales@tractor-stone-crusher.com<\/a><\/p>\n<p>[\/et_pb_text][\/et_pb_column][et_pb_column type=&#8221;1_4&#8243; _builder_version=&#8221;4.16&#8243; global_colors_info=&#8221;{}&#8221;][et_pb_text _builder_version=&#8221;4.27.4&#8243; text_line_height=&#8221;2em&#8221; link_font=&#8221;||||on||||&#8221; link_text_color=&#8221;#3f3fff&#8221; header_font=&#8221;||||||||&#8221; header_4_font=&#8221;Merriweather||||||||&#8221; header_4_font_size=&#8221;16px&#8221; header_4_line_height=&#8221;1.4em&#8221; max_width=&#8221;800px&#8221; header_4_font_size_tablet=&#8221;16px&#8221; header_4_font_size_phone=&#8221;14px&#8221; header_4_font_size_last_edited=&#8221;on|desktop&#8221; locked=&#8221;off&#8221; global_colors_info=&#8221;{}&#8221;]<\/p>\n<h4>V\u1ecb tr\u00ed c\u1ee7a ch\u00fang t\u00f4i<\/h4>\n<div>\n<p class=\"DUwDvf lfPIob\">Kondinin<span class=\"G0bp3e\"><\/span><\/p>\n<\/div>\n<p class=\"bwoZTb fontBodyMedium\"><span>T\u00e2y \u00dac\u00a0<\/span><\/p>\n<p>[\/et_pb_text][\/et_pb_column][et_pb_column type=&#8221;1_4&#8243; _builder_version=&#8221;4.16&#8243; global_colors_info=&#8221;{}&#8221;][et_pb_text _builder_version=&#8221;4.16&#8243; text_line_height=&#8221;2em&#8221; link_font=&#8221;||||on||||&#8221; link_text_color=&#8221;#3f3fff&#8221; header_font=&#8221;||||||||&#8221; header_4_font=&#8221;Merriweather||||||||&#8221; header_4_font_size=&#8221;16px&#8221; header_4_line_height=&#8221;1.4em&#8221; max_width=&#8221;800px&#8221; custom_margin=&#8221;||0px||false|false&#8221; header_4_font_size_tablet=&#8221;16px&#8221; header_4_font_size_phone=&#8221;14px&#8221; header_4_font_size_last_edited=&#8221;on|desktop&#8221; locked=&#8221;off&#8221; global_colors_info=&#8221;{}&#8221;]<\/p>\n<h4>Theo d\u00f5i ch\u00fang t\u00f4i<\/h4>\n<p>[\/et_pb_text][et_pb_social_media_follow _builder_version=&#8221;4.16&#8243; text_orientation=&#8221;left&#8221; filter_invert=&#8221;100%&#8221; border_radii=&#8221;on|100px|100px|100px|100px&#8221; locked=&#8221;off&#8221; global_colors_info=&#8221;{}&#8221;][et_pb_social_media_follow_network social_network=&#8221;facebook&#8221; _builder_version=&#8221;4.16&#8243; custom_margin=&#8221;||||false|false&#8221; custom_padding=&#8221;6px|6px|6px|6px|true|true&#8221; global_colors_info=&#8221;{}&#8221; follow_button=&#8221;off&#8221; url_new_window=&#8221;on&#8221;]facebook[\/et_pb_social_media_follow_network][et_pb_social_media_follow_network social_network=&#8221;twitter&#8221; _builder_version=&#8221;4.16&#8243; background_color=&#8221;#000000&#8243; background_enable_color=&#8221;on&#8221; custom_margin=&#8221;||||false|false&#8221; custom_padding=&#8221;6px|6px|6px|6px|true|true&#8221; global_colors_info=&#8221;{}&#8221; follow_button=&#8221;off&#8221; url_new_window=&#8221;on&#8221;]twitter[\/et_pb_social_media_follow_network][et_pb_social_media_follow_network social_network=&#8221;instagram&#8221; _builder_version=&#8221;4.16&#8243; background_color=&#8221;#000000&#8243; background_enable_color=&#8221;on&#8221; custom_margin=&#8221;||||false|false&#8221; custom_padding=&#8221;6px|6px|6px|6px|true|true&#8221; global_colors_info=&#8221;{}&#8221; follow_button=&#8221;off&#8221; url_new_window=&#8221;on&#8221;]instagram[\/et_pb_social_media_follow_network][\/et_pb_social_media_follow][\/et_pb_column][\/et_pb_row][\/et_pb_section]<\/p>","protected":false},"excerpt":{"rendered":"<p>Contact UsBuy Tractor Stone Crusher Our company is a professional manufacturer of tractor-mounted stone crushers, offering a complete range of high-quality crushing equipment suitable for the agriculture and construction industries. If you need stone crushers or other parts, please feel free to contact us via email; we will reply within 24 hours.Our Company Australia Watanabe [&hellip;]<\/p>","protected":false},"author":1,"featured_media":0,"parent":0,"menu_order":0,"comment_status":"closed","ping_status":"closed","template":"","meta":{"_et_pb_use_builder":"on","_et_pb_old_content":"","_et_gb_content_width":"","footnotes":""},"class_list":["post-125","page","type-page","status-publish","hentry"],"_links":{"self":[{"href":"https:\/\/tractor-stone-crusher.com\/vi\/wp-json\/wp\/v2\/pages\/125","targetHints":{"allow":["GET"]}}],"collection":[{"href":"https:\/\/tractor-stone-crusher.com\/vi\/wp-json\/wp\/v2\/pages"}],"about":[{"href":"https:\/\/tractor-stone-crusher.com\/vi\/wp-json\/wp\/v2\/types\/page"}],"author":[{"embeddable":true,"href":"https:\/\/tractor-stone-crusher.com\/vi\/wp-json\/wp\/v2\/users\/1"}],"replies":[{"embeddable":true,"href":"https:\/\/tractor-stone-crusher.com\/vi\/wp-json\/wp\/v2\/comments?post=125"}],"version-history":[{"count":7,"href":"https:\/\/tractor-stone-crusher.com\/vi\/wp-json\/wp\/v2\/pages\/125\/revisions"}],"predecessor-version":[{"id":156,"href":"https:\/\/tractor-stone-crusher.com\/vi\/wp-json\/wp\/v2\/pages\/125\/revisions\/156"}],"wp:attachment":[{"href":"https:\/\/tractor-stone-crusher.com\/vi\/wp-json\/wp\/v2\/media?parent=125"}],"curies":[{"name":"wp","href":"https:\/\/api.w.org\/{rel}","templated":true}]}}