{"id":278,"date":"2025-12-01T02:17:22","date_gmt":"2025-12-01T02:17:22","guid":{"rendered":"https:\/\/tractor-stone-crusher.com\/?post_type=product&#038;p=278"},"modified":"2025-12-01T05:37:15","modified_gmt":"2025-12-01T05:37:15","slug":"potato-furrower-r-series","status":"publish","type":"product","link":"https:\/\/tractor-stone-crusher.com\/it\/prodotto\/potato-furrower-r-series\/","title":{"rendered":"Assolcatore per patate serie R"},"content":{"rendered":"<h2>Parametri del prodotto<\/h2>\n<div style=\"max-width: 100%; overflow-x: auto;\">\n<table style=\"width: 100%; background-color: #f9f9f9; border-collapse: collapse;\">\n<thead>\n<tr style=\"background-color: #ff9a33; color: white;\">\n<th style=\"border: 1px solid #333; padding: 8px; text-align: center;\">DATI TECNICI<\/th>\n<th style=\"border: 1px solid #333; padding: 8px; text-align: center;\">R-380<\/th>\n<th style=\"border: 1px solid #333; padding: 8px; text-align: center;\">R-580<\/th>\n<\/tr>\n<\/thead>\n<tbody>\n<tr style=\"background-color: #f0f0f0;\">\n<td style=\"border: 1px solid #333; padding: 8px; text-align: center;\">Peso<\/td>\n<td style=\"border: 1px solid #333; padding: 8px; text-align: center;\"><\/td>\n<td style=\"border: 1px solid #333; padding: 8px; text-align: center;\"><\/td>\n<\/tr>\n<tr style=\"background-color: white;\">\n<td style=\"border: 1px solid #333; padding: 8px; text-align: center;\">Peso a vuoto<\/td>\n<td style=\"border: 1px solid #333; padding: 8px; text-align: center;\">500 Kg<\/td>\n<td style=\"border: 1px solid #333; padding: 8px; text-align: center;\">620 Kg<\/td>\n<\/tr>\n<tr style=\"background-color: #f0f0f0;\">\n<td style=\"border: 1px solid #333; padding: 8px; text-align: center;\">Categoria di collegamento inferiore<\/td>\n<td style=\"border: 1px solid #333; padding: 8px; text-align: center;\" colspan=\"2\">2<\/td>\n<\/tr>\n<tr style=\"background-color: white;\">\n<td style=\"border: 1px solid #333; padding: 8px; text-align: center;\">Solcatore<\/td>\n<td style=\"border: 1px solid #333; padding: 8px; text-align: center;\">3<\/td>\n<td style=\"border: 1px solid #333; padding: 8px; text-align: center;\">5<\/td>\n<\/tr>\n<tr style=\"background-color: #f0f0f0;\">\n<td style=\"border: 1px solid #333; padding: 8px; text-align: center;\">Requisiti del trattore<\/td>\n<td style=\"border: 1px solid #333; padding: 8px; text-align: center;\"><\/td>\n<td style=\"border: 1px solid #333; padding: 8px; text-align: center;\"><\/td>\n<\/tr>\n<tr style=\"background-color: white;\">\n<td style=\"border: 1px solid #333; padding: 8px; text-align: center;\">Potenza del motore (min.)<\/td>\n<td style=\"border: 1px solid #333; padding: 8px; text-align: center;\">75 CV<\/td>\n<td style=\"border: 1px solid #333; padding: 8px; text-align: center;\">85 CV<\/td>\n<\/tr>\n<tr style=\"background-color: #f0f0f0;\">\n<td style=\"border: 1px solid #333; padding: 8px; text-align: center;\">Velocit\u00e0 di lavoro<\/td>\n<td style=\"border: 1px solid #333; padding: 8px; text-align: center;\" colspan=\"2\">5 &#8211; 8 Km\/h<\/td>\n<\/tr>\n<\/tbody>\n<\/table>\n<\/div>\n<p><img loading=\"lazy\" decoding=\"async\" class=\"alignnone wp-image-280\" src=\"https:\/\/tractor-stone-crusher.com\/wp-content\/uploads\/2025\/12\/stone-crusher-r-580-5-rows-300x300.webp\" alt=\"Potato Furrower R-380 Series\" width=\"447\" height=\"447\" \/>\u00a0 \u00a0 \u00a0 \u00a0 \u00a0 \u00a0 \u00a0 \u00a0<img loading=\"lazy\" decoding=\"async\" class=\"alignnone wp-image-279\" src=\"https:\/\/tractor-stone-crusher.com\/wp-content\/uploads\/2025\/12\/stone-crusher-r-380-3-rows-300x300.webp\" alt=\"Potato Furrower R-380 Series\" width=\"426\" height=\"426\" \/><\/p>\n<h2>Panoramica del prodotto \u2013 Solcapatate serie R<\/h2>\n<p data-start=\"249\" data-end=\"702\">L'assolcatore per patate serie R \u00e8 progettato per creare solchi puliti e uniformi per patate, patate dolci e altre colture a file. Progettato per aziende agricole di diverse dimensioni, questo modello si adatta perfettamente a un'ampia gamma di trattori e offre ottime prestazioni su terreni morbidi, medi o leggermente compatti. Il telaio compatto e la larghezza di lavoro regolabile garantiscono prestazioni stabili sul campo, aiutando gli agricoltori a creare solchi dritti e uniformi con il minimo sforzo.<\/p>\n<p data-start=\"704\" data-end=\"1104\">Nell'uso pratico, la Serie R si distingue per la sua solida struttura in acciaio e l'affidabilit\u00e0. Riduce la necessit\u00e0 di ripetute passate o correzioni manuali, spesso necessarie con gli strumenti tradizionali. Per gli acquirenti alla ricerca di macchinari affidabili per l'esportazione, questo solcatore per patate montato su trattore offre una soluzione affidabile ed economica, adatta a diverse pratiche agricole regionali.<\/p>\n<p data-start=\"704\" data-end=\"1104\"><img loading=\"lazy\" decoding=\"async\" class=\"aligncenter wp-image-283\" src=\"https:\/\/tractor-stone-crusher.com\/wp-content\/uploads\/2025\/12\/patato-furrower-r-580-5-rows.webp\" alt=\"potato furrower\" width=\"873\" height=\"616\" srcset=\"https:\/\/tractor-stone-crusher.com\/wp-content\/uploads\/2025\/12\/patato-furrower-r-580-5-rows.webp 873w, https:\/\/tractor-stone-crusher.com\/wp-content\/uploads\/2025\/12\/patato-furrower-r-580-5-rows-480x339.webp 480w\" sizes=\"(min-width: 0px) and (max-width: 480px) 480px, (min-width: 481px) 873px, 100vw\" \/><\/p>\n<h2 data-start=\"1111\" data-end=\"1182\">Caratteristiche principali e costruzione \u2013 Solcapatate Serie R<\/h2>\n<p data-start=\"1184\" data-end=\"1610\">L'assolcatore R \u00e8 costruito con acciaio rinforzato e lame resistenti all'usura per mantenere profondit\u00e0 e forma del solco stabili anche per lunghe ore di lavoro. La sua larghezza di lavoro regolabile consente all'operatore di adattarsi a diverse esigenze di spaziatura delle colture, rendendo l'attrezzatura versatile per diversi metodi di semina. Le lame sono trattate termicamente per una maggiore durata, aiutandole a rimanere resistenti anche quando si lavora in strati di terreno pi\u00f9 duri.<\/p>\n<p data-start=\"1612\" data-end=\"1973\">Per garantire un aggancio fluido su diversi tipi di trattore, il modello R \u00e8 dotato di un attacco a tre punti standard e supporta un'ampia gamma di potenze. Come attrezzatura per la lavorazione del terreno, presenta una struttura semplice con meno punti di manutenzione, semplificando la pulizia e la manutenzione quotidiana e riducendo i costi operativi a lungo termine.<\/p>\n<h2 data-start=\"1980\" data-end=\"2028\">Prestazioni di solco ad alta efficienza<\/h2>\n<p data-start=\"2030\" data-end=\"2373\">Grazie all'angolazione ottimizzata della lama e al design stabile del telaio, la Serie R penetra il terreno in modo pulito e forma solchi ordinati e uniformi che favoriscono una semina accurata e una germinazione pi\u00f9 uniforme delle colture. Rispetto alla semina manuale, questo modello pu\u00f2 aumentare significativamente la produttivit\u00e0, soprattutto per le aziende agricole che gestiscono ampie aree di semina.<\/p>\n<p data-start=\"2375\" data-end=\"2686\">Per gli utenti internazionali, l'affidabilit\u00e0 delle prestazioni \u00e8 uno dei motivi per cui l'assolcatore per patate Serie R \u00e8 ampiamente preferito. Sia che si lavori su terreni umidi, argillosi o di media intensit\u00e0, l'attrezzatura mantiene una buona velocit\u00e0 operativa, riducendo al contempo il carico del trattore, contribuendo a rendere pi\u00f9 efficiente l'intero processo di semina.<\/p>\n<p data-start=\"2375\" data-end=\"2686\"><img loading=\"lazy\" decoding=\"async\" class=\"aligncenter wp-image-282\" src=\"https:\/\/tractor-stone-crusher.com\/wp-content\/uploads\/2025\/12\/patato-furrower.webp\" alt=\"potato furrower\" width=\"825\" height=\"449\" srcset=\"https:\/\/tractor-stone-crusher.com\/wp-content\/uploads\/2025\/12\/patato-furrower.webp 443w, https:\/\/tractor-stone-crusher.com\/wp-content\/uploads\/2025\/12\/patato-furrower-300x163.webp 300w, https:\/\/tractor-stone-crusher.com\/wp-content\/uploads\/2025\/12\/patato-furrower-18x10.webp 18w\" sizes=\"(max-width: 825px) 100vw, 825px\" \/><\/p>\n<h2 data-start=\"270\" data-end=\"334\">Compatibilit\u00e0 con il trattore: progettata per una facile integrazione<\/h2>\n<p data-start=\"336\" data-end=\"654\">L'assolcatore per patate Serie R \u00e8 progettato per integrarsi perfettamente con un'ampia gamma di trattori comunemente utilizzati nelle aziende agricole di medie e grandi dimensioni. Entrambi i modelli R e R-580 sono dotati di un attacco inferiore di Categoria 2, che consente un aggancio rapido e sicuro senza la necessit\u00e0 di adattatori speciali.<\/p>\n<p data-start=\"656\" data-end=\"1020\">Con una potenza minima richiesta dal motore di 75 CV per il modello R e di 85 CV per il modello R-580, l'assolcatore funziona in modo efficiente su tutte le piattaforme di trattori standard di marchi come John Deere, New Holland, Kubota, Massey Ferguson e Mahindra. Gli agricoltori mantengono in genere una velocit\u00e0 di lavoro di 5-8 km\/h, bilanciando cos\u00ec il consumo di carburante e l'uniformit\u00e0 del solco.<\/p>\n<p data-start=\"1022\" data-end=\"1260\">Questa compatibilit\u00e0 garantisce che l'assolcatore si adatti alle attivit\u00e0 agricole esistenti senza dover investire ulteriormente in nuove attrezzature di trazione, rendendolo una scelta pratica per gli acquirenti alla ricerca di macchinari agricoli affidabili montati su trattore.<\/p>\n<h2 data-start=\"1267\" data-end=\"1345\">Applicazioni multi-colturali: adatte per patate e altre colture a filari<\/h2>\n<p data-start=\"1347\" data-end=\"1567\">Sebbene la serie R sia ottimizzata per la semina delle patate, la sua larghezza regolabile e il design stabile delle lame la rendono adatta anche a una pi\u00f9 ampia gamma di colture in filari.<br data-start=\"1504\" data-end=\"1507\" \/>Gli agricoltori utilizzano comunemente questa attrezzatura per preparare i solchi per:<\/p>\n<ul data-start=\"1568\" data-end=\"1681\">\n<li data-start=\"1568\" data-end=\"1586\">\n<p data-start=\"1570\" data-end=\"1586\"><strong>Patate dolci<\/strong><\/p>\n<\/li>\n<li data-start=\"1587\" data-end=\"1611\">\n<p data-start=\"1589\" data-end=\"1611\"><strong>Arachidi (arachidi)<\/strong><\/p>\n<\/li>\n<li data-start=\"1612\" data-end=\"1622\">\n<p data-start=\"1614\" data-end=\"1622\"><strong>cipolle<\/strong><\/p>\n<\/li>\n<li data-start=\"1623\" data-end=\"1633\">\n<p data-start=\"1625\" data-end=\"1633\"><strong>Cotone<\/strong><\/p>\n<\/li>\n<li data-start=\"1634\" data-end=\"1681\">\n<p data-start=\"1636\" data-end=\"1681\"><strong>Verdure che richiedono una spaziatura costante tra le file<\/strong><\/p>\n<\/li>\n<\/ul>\n<p data-start=\"1683\" data-end=\"1893\">Il modello R con tre solcatori \u00e8 adatto a piantagioni di media densit\u00e0, mentre il modello R-580 con cinque solcatori garantisce una copertura pi\u00f9 ampia per campi di grandi dimensioni, riducendo il numero di passate necessarie.<\/p>\n<p data-start=\"1895\" data-end=\"2105\">Che venga utilizzata per la produzione commerciale di patate o per colture diversificate, questa attrezzatura per la lavorazione del terreno contribuisce a creare una struttura uniforme del terreno che favorisce un migliore sviluppo delle radici e la germinazione delle colture.<\/p>\n<p data-start=\"1895\" data-end=\"2105\"><img loading=\"lazy\" decoding=\"async\" class=\"aligncenter wp-image-284\" src=\"https:\/\/tractor-stone-crusher.com\/wp-content\/uploads\/2025\/12\/patato-furrower-r-580.webp\" alt=\"potato furrower\" width=\"826\" height=\"585\" srcset=\"https:\/\/tractor-stone-crusher.com\/wp-content\/uploads\/2025\/12\/patato-furrower-r-580.webp 445w, https:\/\/tractor-stone-crusher.com\/wp-content\/uploads\/2025\/12\/patato-furrower-r-580-300x212.webp 300w, https:\/\/tractor-stone-crusher.com\/wp-content\/uploads\/2025\/12\/patato-furrower-r-580-18x12.webp 18w, https:\/\/tractor-stone-crusher.com\/wp-content\/uploads\/2025\/12\/patato-furrower-r-580-400x284.webp 400w\" sizes=\"(max-width: 826px) 100vw, 826px\" \/><\/p>\n<h2 data-start=\"2112\" data-end=\"2186\">Durata e design a bassa manutenzione: progettato per una lunga durata sul campo<\/h2>\n<p data-start=\"2188\" data-end=\"2544\">I modelli R e R-580 sono entrambi realizzati con telai in acciaio ad alta resistenza e lame resistenti all'usura per resistere a un utilizzo prolungato sul campo. La struttura rinforzata distribuisce il peso in modo uniforme sul telaio (500 kg per il modello R e 620 kg per il modello R-580), garantendo la stabilit\u00e0 necessaria per solchi pi\u00f9 profondi o pi\u00f9 larghi, senza vibrazioni o disallineamenti.<\/p>\n<p data-start=\"2546\" data-end=\"2965\">Componenti chiave come le lame sono trattati termicamente per resistere alla flessione e all'abrasione, soprattutto in terreni contenenti piccole pietre o strati compattati. La manutenzione ordinaria \u00e8 semplice: gli operatori in genere devono solo ingrassare i punti di articolazione principali e ispezionare i bordi delle lame dopo l'uso stagionale. Il design a telaio aperto facilita inoltre la pulizia da terra e detriti, contribuendo a ridurre i tempi di fermo durante le stagioni di semina di punta.<\/p>\n<p data-start=\"2967\" data-end=\"3120\">Queste caratteristiche rendono la serie R una scelta affidabile per gli agricoltori che cercano un'attrezzatura per la raccolta delle patate durevole che richieda una manutenzione minima.<\/p>\n<p data-start=\"2967\" data-end=\"3120\"><img loading=\"lazy\" decoding=\"async\" class=\"aligncenter wp-image-223 size-large\" src=\"https:\/\/tractor-stone-crusher.com\/wp-content\/uploads\/2025\/11\/factory-2-e1763711136715-1024x354.webp\" alt=\"factory\" width=\"1024\" height=\"354\" srcset=\"https:\/\/tractor-stone-crusher.com\/wp-content\/uploads\/2025\/11\/factory-2-e1763711136715-980x450.webp 980w, https:\/\/tractor-stone-crusher.com\/wp-content\/uploads\/2025\/11\/factory-2-e1763711136715-480x270.webp 480w\" sizes=\"(min-width: 0px) and (max-width: 480px) 480px, (min-width: 481px) and (max-width: 980px) 980px, (min-width: 981px) 1024px, 100vw\" \/><\/p>\n<h2 data-start=\"3127\" data-end=\"3193\">Perch\u00e9 sceglierci: produttore affidabile e fornitore globale<\/h2>\n<p>In qualit\u00e0 di produttori professionali di assolcatori per patate e fornitori di attrezzature agricole, ci impegniamo a produrre macchinari che soddisfino i requisiti pratici dell'agricoltura moderna sui mercati internazionali. I nostri standard di produzione si concentrano sulla resistenza dei materiali, sull'affidabilit\u00e0 strutturale e sulla costanza delle prestazioni sul campo. Ogni unit\u00e0, che si tratti del compatto R-380 o del pi\u00f9 grande R-580, \u00e8 prodotta in conformit\u00e0 con gli standard di esportazione globali.<\/p>\n<p>Per rafforzare l'affidabilit\u00e0 del prodotto e la fiducia degli acquirenti, il nostro stabilimento opera secondo la certificazione di qualit\u00e0 ISO 9001 e le nostre attrezzature sono disponibili con certificazione CE. Offriamo inoltre opzioni di conformit\u00e0 agli standard australiani e neozelandesi per le macchine agricole, garantendo compatibilit\u00e0 e funzionamento sicuro nelle condizioni agricole australiane e neozelandesi.<\/p>\n<p>Offriamo:<\/p>\n<p>\u2022 Capacit\u00e0 produttiva stabile per ordini in lotti<br \/>\n\u2022 Personalizzazione OEM\/ODM per diversi sistemi agricoli regionali<br \/>\n\u2022 Prezzi competitivi per grossisti e distributori<br \/>\n\u2022 Supporto tecnico a lungo termine e fornitura di pezzi di ricambio<br \/>\n\u2022 Esperienza di lavoro con clienti in Europa, Sud America, Africa, Australia e Sud-est asiatico<\/p>\n<p>Scegliere la serie R-380\/R-580 dell'assolcatore per patate significa collaborare con un produttore che d\u00e0 priorit\u00e0 a macchinari affidabili, comunicazione trasparente e cooperazione a lungo termine. Se hai bisogno di assistenza, per favore <a href=\"\/it\/contact-us\/\">scrivici un'e-mail<\/a> e ti risponderemo entro 24 ore.<\/p>\n<p data-start=\"3910\" data-end=\"4065\"><img loading=\"lazy\" decoding=\"async\" class=\"alignnone size-medium wp-image-248\" src=\"https:\/\/tractor-stone-crusher.com\/wp-content\/uploads\/2025\/11\/patents-1-206x300.webp\" alt=\"Our Certificates\" width=\"206\" height=\"300\" srcset=\"https:\/\/tractor-stone-crusher.com\/wp-content\/uploads\/2025\/11\/patents-1-206x300.webp 206w, https:\/\/tractor-stone-crusher.com\/wp-content\/uploads\/2025\/11\/patents-1-8x12.webp 8w, https:\/\/tractor-stone-crusher.com\/wp-content\/uploads\/2025\/11\/patents-1.webp 360w\" sizes=\"(max-width: 206px) 100vw, 206px\" \/>\u00a0 \u00a0 \u00a0 \u00a0 \u00a0 \u00a0 \u00a0 \u00a0 \u00a0 \u00a0 \u00a0 \u00a0 \u00a0 \u00a0 \u00a0<img loading=\"lazy\" decoding=\"async\" class=\"alignnone size-medium wp-image-247\" src=\"https:\/\/tractor-stone-crusher.com\/wp-content\/uploads\/2025\/11\/patents-3-225x300.webp\" alt=\"\" width=\"225\" height=\"300\" srcset=\"https:\/\/tractor-stone-crusher.com\/wp-content\/uploads\/2025\/11\/patents-3-225x300.webp 225w, https:\/\/tractor-stone-crusher.com\/wp-content\/uploads\/2025\/11\/patents-3-9x12.webp 9w, https:\/\/tractor-stone-crusher.com\/wp-content\/uploads\/2025\/11\/patents-3.webp 417w\" sizes=\"(max-width: 225px) 100vw, 225px\" \/>\u00a0 \u00a0 \u00a0 \u00a0 \u00a0 \u00a0 \u00a0 \u00a0 \u00a0 \u00a0 \u00a0 \u00a0 \u00a0 \u00a0 \u00a0 \u00a0<img loading=\"lazy\" decoding=\"async\" class=\"alignnone size-medium wp-image-245\" src=\"https:\/\/tractor-stone-crusher.com\/wp-content\/uploads\/2025\/11\/patents-2-223x300.webp\" alt=\"patents\" width=\"223\" height=\"300\" srcset=\"https:\/\/tractor-stone-crusher.com\/wp-content\/uploads\/2025\/11\/patents-2-223x300.webp 223w, https:\/\/tractor-stone-crusher.com\/wp-content\/uploads\/2025\/11\/patents-2-9x12.webp 9w, https:\/\/tractor-stone-crusher.com\/wp-content\/uploads\/2025\/11\/patents-2.webp 415w\" sizes=\"(max-width: 223px) 100vw, 223px\" \/><\/p>\n<h2 data-start=\"81\" data-end=\"107\">Servizio post-vendita<\/h2>\n<p data-start=\"109\" data-end=\"502\">Per garantire prestazioni affidabili e durature dell'assolcatore per patate serie R-380, offriamo un sistema di assistenza post-vendita completo ai clienti in tutto il mondo. Ogni unit\u00e0 \u00e8 coperta da una garanzia di due anni (escluse le parti soggette a usura). Durante il periodo di garanzia, in caso di problemi di qualit\u00e0 non dovuti a fattori umani, offriamo assistenza tecnica gratuita e pezzi di ricambio per garantire il perfetto funzionamento della vostra attrezzatura.<\/p>\n<p data-start=\"504\" data-end=\"882\">Il nostro team tecnico \u00e8 a vostra disposizione per fornirvi assistenza per l'installazione, istruzioni operative e risoluzione dei problemi di base, per aiutarvi a iniziare a utilizzare l'apparecchiatura in modo efficace fin dal primo giorno. Per i clienti in diverse regioni, offriamo anche supporto tecnico remoto continuo tramite e-mail, piattaforme di messaggistica e assistenza video, per garantirvi un supporto tempestivo ogni volta che ne avete bisogno.<\/p>\n<p data-start=\"884\" data-end=\"1294\">Manteniamo uno stock costante di parti soggette a usura, come lame e componenti di collegamento, per garantire una fornitura affidabile di ricambi, riducendo al minimo i tempi di fermo durante le stagioni agricole pi\u00f9 impegnative. Che siate distributori, proprietari di aziende agricole o acquirenti di attrezzature agricole, il nostro obiettivo \u00e8 fornire una comunicazione chiara, risposte rapide e un servizio affidabile per supportare le vostre attivit\u00e0 quotidiane e prolungare la vita utile dei vostri macchinari.<\/p>\n<h2 data-start=\"175\" data-end=\"185\">Domande frequenti<\/h2>\n<h3 data-start=\"187\" data-end=\"268\">Quale potenza del trattore \u00e8 richiesta per l'aratura delle patate serie R-380?<\/h3>\n<p data-start=\"269\" data-end=\"494\">Il modello R-380 \u00e8 ideale per trattori di almeno 75 CV, mentre l'R-580 richiede trattori di almeno 85 CV. Entrambi i modelli utilizzano un attacco standard di Categoria 2, che li rende compatibili con la maggior parte dei trattori agricoli di fascia media.<\/p>\n<h3 data-start=\"496\" data-end=\"559\">L'assolcatore pu\u00f2 essere utilizzato per colture diverse dalle patate?<\/h3>\n<p data-start=\"560\" data-end=\"784\">S\u00ec. Sebbene ottimizzata per la semina di patate, l'attrezzatura \u00e8 adatta anche per patate dolci, arachidi, cipolle, cotone e altre colture a filari. La larghezza di lavoro regolabile la rende versatile per diverse pratiche di semina.<\/p>\n<h3 data-start=\"786\" data-end=\"838\">Con quale frequenza \u00e8 necessario sostituire le lame?<\/h3>\n<p data-start=\"839\" data-end=\"1059\">La durata delle lame dipende dalla durezza del terreno e dalle condizioni del campo. In terreni argillosi normali, le lame possono in genere durare per una o due stagioni di semina. Per terreni con pietre o elevata abrasione, si consiglia un'ispezione periodica.<\/p>\n<h3 data-start=\"1061\" data-end=\"1133\">\u00c8 facile effettuare la manutenzione dell'assolcatore durante le stagioni agricole pi\u00f9 intense?<\/h3>\n<p data-start=\"1134\" data-end=\"1317\">S\u00ec. La struttura \u00e8 semplice e aperta, consentendo una rapida pulizia da terra e detriti. Sono necessarie solo una lubrificazione di base e controlli delle lame, il che la rende comoda durante i periodi di massima attivit\u00e0 di semina.<\/p>\n<h3 data-start=\"1319\" data-end=\"1368\">Quale supporto \u00e8 disponibile dopo l'acquisto?<\/h3>\n<p data-start=\"1369\" data-end=\"1563\">Tutte le unit\u00e0 includono una garanzia di due anni e supporto tecnico remoto continuo. Pezzi di ricambio come lame e componenti di collegamento sono tenuti a magazzino per garantire una rapida sostituzione quando necessario.<\/p>\n<h2 data-start=\"1369\" data-end=\"1563\">Recensioni dei clienti<\/h2>\n<p data-start=\"90\" data-end=\"533\">\u2605\u2605\u2605\u2605\u2605 <strong data-start=\"96\" data-end=\"134\">Luke Doherty, Lockington, Victoria<\/strong><br data-start=\"134\" data-end=\"137\" \/>Ho comprato due R-380 l'anno scorso. Prima usavo ancora un rincalzatore a dischi di 20 anni che si inceppava ogni giorno e mi faceva impazzire. Ora attacco un R-380 al John Deere e sarchio circa 32 ettari al giorno. I filari vengono fuori cos\u00ec dritti che mia moglie scherzava dicendo che potevano essere usati come linee guida. Ho risparmiato due lavoratori, ho consumato molto meno carburante e mi sono ripagato pi\u00f9 velocemente del previsto. Lo consiglio vivamente!<\/p>\n<p data-start=\"535\" data-end=\"990\">\u2605\u2605\u2605\u2605\u2606 <strong data-start=\"541\" data-end=\"590\">Sarah Nguyen, altopiano di Atherton, Queensland<\/strong><br data-start=\"590\" data-end=\"593\" \/>Coltivo patate dolci rosse sulle Tablelands: terreno irregolare, pieno di pietre. Il mio vecchio aratro faceva sempre un lato pi\u00f9 alto dell'altro. L'R-380 \u00e8 facile da regolare, basta premere la leva idraulica e il gioco \u00e8 fatto. L'unico inconveniente \u00e8 stato l'attacco rapido la prima volta; ci ho messo 10 minuti per rendermi conto di non averlo allineato correttamente. Nel complesso sono molto soddisfatto, meno una stella perch\u00e9 il manuale potrebbe essere pi\u00f9 chiaro.<\/p>\n<p data-start=\"992\" data-end=\"1394\">\u2605\u2605\u2605\u2606\u2606 <strong data-start=\"998\" data-end=\"1044\">Miguel Torres, Coonawarra, Australia Meridionale<\/strong><br data-start=\"1044\" data-end=\"1047\" \/>La macchina in s\u00e9 funziona bene: veloce, ordinata, e l'altezza e la spaziatura delle creste sono facili da regolare. Ma il nostro terreno \u00e8 pieno di pietre dure e le lame hanno dovuto essere girate dopo circa 600 acri, un po' prima di quanto sperassi. Il fornitore mi ha suggerito un'opzione con lame pi\u00f9 resistenti, per la quale pagherei sicuramente un extra. Il servizio \u00e8 stato comunque ottimo: spedizione super veloce.<\/p>\n<p data-start=\"1396\" data-end=\"1801\">\u2605\u2605\u2605\u2605\u2605 <strong data-start=\"1402\" data-end=\"1438\">Emma Watson, Devonport, Tasmania<\/strong><br data-start=\"1438\" data-end=\"1441\" \/>In Tasmania piove molto in primavera e il terreno diventa appiccicoso. La maggior parte dei rincalzatori affonda direttamente nel terreno, schiacciando i filari. Il telaio zincato dell'R-380 gestisce perfettamente l'umidit\u00e0 e, dopo tre mesi, sembra ancora nuovo. L'ho persino usato per fare le aiuole di carote: ci sono voluti cinque minuti per regolarlo e farlo funzionare. Un vero strumento multiuso, perfetto per i coltivatori indaffarati.<\/p>\n<p data-start=\"1803\" data-end=\"2168\">\u2605\u2605\u2605\u2605\u2606 <strong data-start=\"1809\" data-end=\"1846\">Liam Butler, Kingaroy, Queensland<\/strong><br data-start=\"1846\" data-end=\"1849\" \/>Alterniamo arachidi e patate, quindi le regolazioni rapide sono davvero importanti. Questa macchina semplifica il passaggio da una coltura all'altra. L'unica piccola lamentela riguarda il peso: con i suoi circa 260 kg, il mio vecchio Ferguson da 50 CV fa un po' fatica a sollevarlo comodamente. Funziona al meglio con motori da 70 CV e oltre. Se lanciassero una versione pi\u00f9 leggera, sarebbe perfetto.<\/p>","protected":false},"excerpt":{"rendered":"<p>L'assolcatore per patate serie R-380\/R-580 offre due pratiche configurazioni per diverse scale di coltivazione: un R-380 a 3 file per campi di medie dimensioni e un R-580 a 5 file per operazioni ad alta capacit\u00e0. Entrambi i modelli utilizzano un telaio rinforzato e lame trattate termicamente per una formazione stabile della cresta su terreni argillosi, limosi o misti. Progettato per l'attacco di Categoria II, l'R-380 si abbina bene a trattori da 70-100 CV, mentre il pi\u00f9 pesante R-580 \u00e8 adatto a unit\u00e0 da 85-120 CV. La serie si abbina perfettamente alle principali piattaforme come <em data-start=\"619\" data-end=\"637\">John Deere 5E\/6M<\/em>, <em data-start=\"639\" data-end=\"655\">Nuovo Holland T5<\/em>, <em data-start=\"657\" data-end=\"671\">Kubota M5\/M6<\/em>, <em data-start=\"673\" data-end=\"697\">Case IH Farmall 75\u2013110<\/em>e modelli simili. La spaziatura regolabile tra le file rende entrambe le versioni una scelta affidabile per patate, patate dolci, arachidi e altre colture in fila.<\/p>","protected":false},"featured_media":279,"comment_status":"open","ping_status":"closed","template":"","meta":{"_et_pb_use_builder":"","_et_pb_old_content":"","_et_gb_content_width":""},"product_brand":[],"product_cat":[25],"product_tag":[],"class_list":{"0":"post-278","1":"product","2":"type-product","3":"status-publish","4":"has-post-thumbnail","6":"product_cat-potato-furrower","8":"first","9":"instock","10":"shipping-taxable","11":"product-type-simple"},"_links":{"self":[{"href":"https:\/\/tractor-stone-crusher.com\/it\/wp-json\/wp\/v2\/product\/278","targetHints":{"allow":["GET"]}}],"collection":[{"href":"https:\/\/tractor-stone-crusher.com\/it\/wp-json\/wp\/v2\/product"}],"about":[{"href":"https:\/\/tractor-stone-crusher.com\/it\/wp-json\/wp\/v2\/types\/product"}],"replies":[{"embeddable":true,"href":"https:\/\/tractor-stone-crusher.com\/it\/wp-json\/wp\/v2\/comments?post=278"}],"wp:featuredmedia":[{"embeddable":true,"href":"https:\/\/tractor-stone-crusher.com\/it\/wp-json\/wp\/v2\/media\/279"}],"wp:attachment":[{"href":"https:\/\/tractor-stone-crusher.com\/it\/wp-json\/wp\/v2\/media?parent=278"}],"wp:term":[{"taxonomy":"product_brand","embeddable":true,"href":"https:\/\/tractor-stone-crusher.com\/it\/wp-json\/wp\/v2\/product_brand?post=278"},{"taxonomy":"product_cat","embeddable":true,"href":"https:\/\/tractor-stone-crusher.com\/it\/wp-json\/wp\/v2\/product_cat?post=278"},{"taxonomy":"product_tag","embeddable":true,"href":"https:\/\/tractor-stone-crusher.com\/it\/wp-json\/wp\/v2\/product_tag?post=278"}],"curies":[{"name":"wp","href":"https:\/\/api.w.org\/{rel}","templated":true}]}}