{"id":278,"date":"2025-12-01T02:17:22","date_gmt":"2025-12-01T02:17:22","guid":{"rendered":"https:\/\/tractor-stone-crusher.com\/?post_type=product&#038;p=278"},"modified":"2025-12-01T05:37:15","modified_gmt":"2025-12-01T05:37:15","slug":"potato-furrower-r-series","status":"publish","type":"product","link":"https:\/\/tractor-stone-crusher.com\/da\/vare\/potato-furrower-r-series\/","title":{"rendered":"Kartoffelfurer R-serien"},"content":{"rendered":"<h2>Produktparametre<\/h2>\n<div style=\"max-width: 100%; overflow-x: auto;\">\n<table style=\"width: 100%; background-color: #f9f9f9; border-collapse: collapse;\">\n<thead>\n<tr style=\"background-color: #ff9a33; color: white;\">\n<th style=\"border: 1px solid #333; padding: 8px; text-align: center;\">TEKNISKE DATA<\/th>\n<th style=\"border: 1px solid #333; padding: 8px; text-align: center;\">R-380<\/th>\n<th style=\"border: 1px solid #333; padding: 8px; text-align: center;\">R-580<\/th>\n<\/tr>\n<\/thead>\n<tbody>\n<tr style=\"background-color: #f0f0f0;\">\n<td style=\"border: 1px solid #333; padding: 8px; text-align: center;\">V\u00e6gt<\/td>\n<td style=\"border: 1px solid #333; padding: 8px; text-align: center;\"><\/td>\n<td style=\"border: 1px solid #333; padding: 8px; text-align: center;\"><\/td>\n<\/tr>\n<tr style=\"background-color: white;\">\n<td style=\"border: 1px solid #333; padding: 8px; text-align: center;\">Tomv\u00e6gt<\/td>\n<td style=\"border: 1px solid #333; padding: 8px; text-align: center;\">500 kg<\/td>\n<td style=\"border: 1px solid #333; padding: 8px; text-align: center;\">620 kg<\/td>\n<\/tr>\n<tr style=\"background-color: #f0f0f0;\">\n<td style=\"border: 1px solid #333; padding: 8px; text-align: center;\">Kategori for bundkobling<\/td>\n<td style=\"border: 1px solid #333; padding: 8px; text-align: center;\" colspan=\"2\">2<\/td>\n<\/tr>\n<tr style=\"background-color: white;\">\n<td style=\"border: 1px solid #333; padding: 8px; text-align: center;\">Fure<\/td>\n<td style=\"border: 1px solid #333; padding: 8px; text-align: center;\">3<\/td>\n<td style=\"border: 1px solid #333; padding: 8px; text-align: center;\">5<\/td>\n<\/tr>\n<tr style=\"background-color: #f0f0f0;\">\n<td style=\"border: 1px solid #333; padding: 8px; text-align: center;\">Krav til traktorer<\/td>\n<td style=\"border: 1px solid #333; padding: 8px; text-align: center;\"><\/td>\n<td style=\"border: 1px solid #333; padding: 8px; text-align: center;\"><\/td>\n<\/tr>\n<tr style=\"background-color: white;\">\n<td style=\"border: 1px solid #333; padding: 8px; text-align: center;\">Motoreffekt (min.)<\/td>\n<td style=\"border: 1px solid #333; padding: 8px; text-align: center;\">75 hk<\/td>\n<td style=\"border: 1px solid #333; padding: 8px; text-align: center;\">85 hk<\/td>\n<\/tr>\n<tr style=\"background-color: #f0f0f0;\">\n<td style=\"border: 1px solid #333; padding: 8px; text-align: center;\">Arbejdshastighed<\/td>\n<td style=\"border: 1px solid #333; padding: 8px; text-align: center;\" colspan=\"2\">5 &#8211; 8 Km\/h<\/td>\n<\/tr>\n<\/tbody>\n<\/table>\n<\/div>\n<p><img loading=\"lazy\" decoding=\"async\" class=\"alignnone wp-image-280\" src=\"https:\/\/tractor-stone-crusher.com\/wp-content\/uploads\/2025\/12\/stone-crusher-r-580-5-rows-300x300.webp\" alt=\"Potato Furrower R-380 Series\" width=\"447\" height=\"447\" \/>\u00a0 \u00a0 \u00a0 \u00a0 \u00a0 \u00a0 \u00a0 \u00a0<img loading=\"lazy\" decoding=\"async\" class=\"alignnone wp-image-279\" src=\"https:\/\/tractor-stone-crusher.com\/wp-content\/uploads\/2025\/12\/stone-crusher-r-380-3-rows-300x300.webp\" alt=\"Potato Furrower R-380 Series\" width=\"426\" height=\"426\" \/><\/p>\n<h2>Produktoversigt \u2013 Kartoffelfurer R-serien<\/h2>\n<p data-start=\"249\" data-end=\"702\">Kartoffelfureren i R-serien er designet til at skabe rene og ensartede furer til kartofler, s\u00f8de kartofler og andre r\u00e6kkeafgr\u00f8der. Denne model er bygget til landbrug i forskellige st\u00f8rrelser og fungerer problemfrit med en bred vifte af traktorer. Den klarer sig godt i bl\u00f8d, medium eller let komprimeret jord. Dens kompakte ramme og justerbare arbejdsbredde giver stabil ydeevne i marken, hvilket hj\u00e6lper landm\u00e6nd med at danne lige og ensartede furer med mindre indsats.<\/p>\n<p data-start=\"704\" data-end=\"1104\">I praktisk brug skiller R-serien sig ud ved sin solide st\u00e5lkonstruktion og p\u00e5lidelige struktur. Det reducerer behovet for gentagne overk\u00f8rsler eller manuelle korrektioner, som ofte forekommer med traditionelle v\u00e6rkt\u00f8jer. For k\u00f8bere, der leder efter p\u00e5lidelige maskiner i eksportkvalitet, tilbyder denne traktormonterede kartoffelfurer en p\u00e5lidelig og omkostningseffektiv l\u00f8sning, der passer til forskellige regionale landbrugspraksisser.<\/p>\n<p data-start=\"704\" data-end=\"1104\"><img loading=\"lazy\" decoding=\"async\" class=\"aligncenter wp-image-283\" src=\"https:\/\/tractor-stone-crusher.com\/wp-content\/uploads\/2025\/12\/patato-furrower-r-580-5-rows.webp\" alt=\"potato furrower\" width=\"873\" height=\"616\" srcset=\"https:\/\/tractor-stone-crusher.com\/wp-content\/uploads\/2025\/12\/patato-furrower-r-580-5-rows.webp 873w, https:\/\/tractor-stone-crusher.com\/wp-content\/uploads\/2025\/12\/patato-furrower-r-580-5-rows-480x339.webp 480w\" sizes=\"(min-width: 0px) and (max-width: 480px) 480px, (min-width: 481px) 873px, 100vw\" \/><\/p>\n<h2 data-start=\"1111\" data-end=\"1182\">N\u00f8glefunktioner og konstruktion \u2013 Kartoffelfurer R-serien<\/h2>\n<p data-start=\"1184\" data-end=\"1610\">R-fureren er bygget med forst\u00e6rket st\u00e5l og slidst\u00e6rke knive for at opretholde en stabil furedybde og -form gennem lange arbejdstimer. Den justerbare arbejdsbredde g\u00f8r det muligt for f\u00f8reren at matche forskellige behov for afgr\u00f8deafstand, hvilket g\u00f8r udstyret alsidigt til fordel for flere plantemetoder. Knivene er varmebehandlede for ekstra holdbarhed, hvilket hj\u00e6lper dem med at forblive st\u00e6rke, selv n\u00e5r man arbejder i h\u00e5rdere jordlag.<\/p>\n<p data-start=\"1612\" data-end=\"1973\">For at sikre problemfri tilkobling p\u00e5 tv\u00e6rs af forskellige traktortyper er R udstyret med en standard trepunktsoph\u00e6ng og underst\u00f8tter et bredt hestekraftomr\u00e5de. Som et stykke landbrugsudstyr til furefr\u00e6sning har den en enkel struktur med f\u00e6rre vedligeholdelsespunkter, hvilket g\u00f8r daglig reng\u00f8ring og service enkel og reducerer de langsigtede driftsomkostninger.<\/p>\n<h2 data-start=\"1980\" data-end=\"2028\">H\u00f8jeffektiv furepr\u00e6station<\/h2>\n<p data-start=\"2030\" data-end=\"2373\">Takket v\u00e6re en optimeret knivvinkel og et stabilt rammedesign sk\u00e6rer R-serien rent ned i jorden og danner rene, ensartede furer, der underst\u00f8tter pr\u00e6cis s\u00e5ning og mere ensartet afgr\u00f8defremspring. Sammenlignet med manuel furing kan denne model \u00f8ge produktiviteten betydeligt, is\u00e6r for landbrug, der h\u00e5ndterer store plantningsarealer.<\/p>\n<p data-start=\"2375\" data-end=\"2686\">For internationale brugere er p\u00e5lidelig ydeevne en af \u200b\u200bgrundene til, at kartoffelfureren i R-serien er bredt foretrukket. Uanset om der arbejdes i fugtig lerjord eller mellemstor lerjord, opretholder udstyret en god driftshastighed, samtidig med at traktorbelastningen holdes lav, hvilket hj\u00e6lper med at g\u00f8re hele planteprocessen mere effektiv.<\/p>\n<p data-start=\"2375\" data-end=\"2686\"><img loading=\"lazy\" decoding=\"async\" class=\"aligncenter wp-image-282\" src=\"https:\/\/tractor-stone-crusher.com\/wp-content\/uploads\/2025\/12\/patato-furrower.webp\" alt=\"potato furrower\" width=\"825\" height=\"449\" srcset=\"https:\/\/tractor-stone-crusher.com\/wp-content\/uploads\/2025\/12\/patato-furrower.webp 443w, https:\/\/tractor-stone-crusher.com\/wp-content\/uploads\/2025\/12\/patato-furrower-300x163.webp 300w, https:\/\/tractor-stone-crusher.com\/wp-content\/uploads\/2025\/12\/patato-furrower-18x10.webp 18w\" sizes=\"(max-width: 825px) 100vw, 825px\" \/><\/p>\n<h2 data-start=\"270\" data-end=\"334\">Traktorkompatibilitet \u2013 Designet til nem integration<\/h2>\n<p data-start=\"336\" data-end=\"654\">Kartoffelfureren i R-serien er konstrueret til at fungere problemfrit med en bred vifte af traktorer, der almindeligvis anvendes i mellemstore og store landbrug. B\u00e5de R- og R-580-modellerne er bygget med en kategori 2 bundoph\u00e6ng, der muligg\u00f8r hurtig og sikker montering uden behov for specielle adaptere.<\/p>\n<p data-start=\"656\" data-end=\"1020\">Med et minimumskrav til motoreffekt p\u00e5 75 hk for R og 85 hk for R-580, fungerer fureren effektivt p\u00e5 tv\u00e6rs af standard traktorplatforme fra m\u00e6rker som John Deere, New Holland, Kubota, Massey Ferguson og Mahindra. Landm\u00e6nd holder typisk en arbejdshastighed p\u00e5 5-8 km\/t, hvilket balancerer br\u00e6ndstofforbrug og ensartethed i furen.<\/p>\n<p data-start=\"1022\" data-end=\"1260\">Denne kompatibilitet sikrer, at fureren passer ind i eksisterende landbrugsdrift uden yderligere investeringer i nyt tr\u00e6kkraftudstyr, hvilket g\u00f8r den til et praktisk valg for k\u00f8bere, der leder efter p\u00e5lidelige traktormonterede landbrugsmaskiner.<\/p>\n<h2 data-start=\"1267\" data-end=\"1345\">Flerafgr\u00f8deanvendelser \u2013 Velegnet til kartofler og andre r\u00e6kkeafgr\u00f8der<\/h2>\n<p data-start=\"1347\" data-end=\"1567\">Selvom R-serien er optimeret til kartoffelplantning, g\u00f8r dens justerbare bredde og stabile knivdesign den ogs\u00e5 velegnet til en bredere vifte af r\u00e6kkeafgr\u00f8der.<br data-start=\"1504\" data-end=\"1507\" \/>Landm\u00e6nd bruger almindeligvis udstyret til at forberede furer til:<\/p>\n<ul data-start=\"1568\" data-end=\"1681\">\n<li data-start=\"1568\" data-end=\"1586\">\n<p data-start=\"1570\" data-end=\"1586\"><strong>S\u00f8de kartofler<\/strong><\/p>\n<\/li>\n<li data-start=\"1587\" data-end=\"1611\">\n<p data-start=\"1589\" data-end=\"1611\"><strong>Jordn\u00f8dder (jordn\u00f8dder)<\/strong><\/p>\n<\/li>\n<li data-start=\"1612\" data-end=\"1622\">\n<p data-start=\"1614\" data-end=\"1622\"><strong>L\u00f8g<\/strong><\/p>\n<\/li>\n<li data-start=\"1623\" data-end=\"1633\">\n<p data-start=\"1625\" data-end=\"1633\"><strong>Bomuld<\/strong><\/p>\n<\/li>\n<li data-start=\"1634\" data-end=\"1681\">\n<p data-start=\"1636\" data-end=\"1681\"><strong>Gr\u00f8ntsager, der kr\u00e6ver ensartet r\u00e6kkeafstand<\/strong><\/p>\n<\/li>\n<\/ul>\n<p data-start=\"1683\" data-end=\"1893\">R-modellen med tre furer er velegnet til plantning med mellemstor t\u00e6thed, hvorimod R-580 med fem furer giver bredere d\u00e6kning af store marker, hvilket reducerer antallet af n\u00f8dvendige overk\u00f8rsler.<\/p>\n<p data-start=\"1895\" data-end=\"2105\">Uanset om det bruges til kommerciel kartoffelproduktion eller diversificeret afgr\u00f8dedyrkning, hj\u00e6lper dette landbrugsudstyr til furing af furer med at skabe en ensartet jordstruktur, der underst\u00f8tter bedre rodudvikling og afgr\u00f8defremspring.<\/p>\n<p data-start=\"1895\" data-end=\"2105\"><img loading=\"lazy\" decoding=\"async\" class=\"aligncenter wp-image-284\" src=\"https:\/\/tractor-stone-crusher.com\/wp-content\/uploads\/2025\/12\/patato-furrower-r-580.webp\" alt=\"potato furrower\" width=\"826\" height=\"585\" srcset=\"https:\/\/tractor-stone-crusher.com\/wp-content\/uploads\/2025\/12\/patato-furrower-r-580.webp 445w, https:\/\/tractor-stone-crusher.com\/wp-content\/uploads\/2025\/12\/patato-furrower-r-580-300x212.webp 300w, https:\/\/tractor-stone-crusher.com\/wp-content\/uploads\/2025\/12\/patato-furrower-r-580-18x12.webp 18w, https:\/\/tractor-stone-crusher.com\/wp-content\/uploads\/2025\/12\/patato-furrower-r-580-400x284.webp 400w\" sizes=\"(max-width: 826px) 100vw, 826px\" \/><\/p>\n<h2 data-start=\"2112\" data-end=\"2186\">Holdbarhed og design med lav vedligeholdelse \u2013 Bygget til lang levetid i marken<\/h2>\n<p data-start=\"2188\" data-end=\"2544\">R- og R-580-modellerne er begge konstrueret med kraftige st\u00e5lrammer og slidst\u00e6rke knive, der kan modst\u00e5 l\u00e6ngere tids markarbejde. Den forst\u00e6rkede struktur fordeler v\u00e6gten j\u00e6vnt over rammen \u2013 500 kg for R og 620 kg for R-580 \u2013 hvilket giver den n\u00f8dvendige stabilitet til dybere eller bredere furer uden vibrationer eller sk\u00e6vhed.<\/p>\n<p data-start=\"2546\" data-end=\"2965\">N\u00f8glekomponenter som f.eks. knivene er varmebehandlede for at modst\u00e5 b\u00f8jning og slid, is\u00e6r i jord, der indeholder sm\u00e5 sten eller komprimerede lag. Rutinem\u00e6ssig vedligeholdelse er ligetil: F\u00f8rere beh\u00f8ver typisk kun at sm\u00f8re vigtige drejepunkter og inspicere knivkanterne efter s\u00e6sonbestemt brug. Det \u00e5bne rammedesign g\u00f8r det ogs\u00e5 nemt at rense jord og snavs, hvilket hj\u00e6lper med at reducere nedetid i spidsbelastningsperioder for s\u00e5ning.<\/p>\n<p data-start=\"2967\" data-end=\"3120\">Disse funktioner g\u00f8r R-serien til et p\u00e5lideligt valg for landm\u00e6nd, der leder efter langtidsholdbart kartoffelfurerudstyr, der kr\u00e6ver minimal vedligeholdelse.<\/p>\n<p data-start=\"2967\" data-end=\"3120\"><img loading=\"lazy\" decoding=\"async\" class=\"aligncenter wp-image-223 size-large\" src=\"https:\/\/tractor-stone-crusher.com\/wp-content\/uploads\/2025\/11\/factory-2-e1763711136715-1024x354.webp\" alt=\"factory\" width=\"1024\" height=\"354\" srcset=\"https:\/\/tractor-stone-crusher.com\/wp-content\/uploads\/2025\/11\/factory-2-e1763711136715-980x450.webp 980w, https:\/\/tractor-stone-crusher.com\/wp-content\/uploads\/2025\/11\/factory-2-e1763711136715-480x270.webp 480w\" sizes=\"(min-width: 0px) and (max-width: 480px) 480px, (min-width: 481px) and (max-width: 980px) 980px, (min-width: 981px) 1024px, 100vw\" \/><\/p>\n<h2 data-start=\"3127\" data-end=\"3193\">Hvorfor v\u00e6lge os \u2013 p\u00e5lidelig producent og global leverand\u00f8r<\/h2>\n<p>Som professionel producent af kartoffelfurer og leverand\u00f8r af landbrugsudstyr er vi forpligtet til at producere maskiner, der opfylder de praktiske krav i moderne landbrug p\u00e5 tv\u00e6rs af internationale markeder. Vores produktionsstandarder fokuserer p\u00e5 materialestyrke, strukturel p\u00e5lidelighed og ensartet ydeevne i marken. Hver enhed - uanset om den kompakte R-380 eller den st\u00f8rre R-580 - er fremstillet i overensstemmelse med globale eksportstandarder.<\/p>\n<p>For at styrke produkternes p\u00e5lidelighed og k\u00f8bernes tillid, opererer vores anl\u00e6g under ISO 9001 kvalitetsstyring, og vores udstyr f\u00e5s med CE-certificering. Vi tilbyder ogs\u00e5 overholdelse af australske og newzealandske standarder for landbrugsmaskiner, hvilket sikrer kompatibilitet og sikker drift under landbrugsforhold i Australien og New Zealand.<\/p>\n<p>Vi tilbyder:<\/p>\n<p>\u2022 Stabil produktionskapacitet til batchordrer<br \/>\n\u2022 OEM\/ODM-tilpasning til forskellige regionale landbrugssystemer<br \/>\n\u2022 Konkurrencedygtige priser for grossister og distribut\u00f8rer<br \/>\n\u2022 Langsigtet teknisk support og levering af reservedele<br \/>\n\u2022 Erfaring med at arbejde med kunder i Europa, Sydamerika, Afrika, Australien og Syd\u00f8stasien<\/p>\n<p>N\u00e5r du v\u00e6lger kartoffelfureren R-380\/R-580-serien, indg\u00e5r du et partnerskab med en producent, der prioriterer p\u00e5lidelige maskiner, transparent kommunikation og langsigtet samarbejde. Hvis du har brug for hj\u00e6lp, bedes du kontakte os. <a href=\"\/da\/contact-us\/\">e-mail os<\/a> og vi svarer inden for 24 timer.<\/p>\n<p data-start=\"3910\" data-end=\"4065\"><img loading=\"lazy\" decoding=\"async\" class=\"alignnone size-medium wp-image-248\" src=\"https:\/\/tractor-stone-crusher.com\/wp-content\/uploads\/2025\/11\/patents-1-206x300.webp\" alt=\"Our Certificates\" width=\"206\" height=\"300\" srcset=\"https:\/\/tractor-stone-crusher.com\/wp-content\/uploads\/2025\/11\/patents-1-206x300.webp 206w, https:\/\/tractor-stone-crusher.com\/wp-content\/uploads\/2025\/11\/patents-1-8x12.webp 8w, https:\/\/tractor-stone-crusher.com\/wp-content\/uploads\/2025\/11\/patents-1.webp 360w\" sizes=\"(max-width: 206px) 100vw, 206px\" \/>\u00a0 \u00a0 \u00a0 \u00a0 \u00a0 \u00a0 \u00a0 \u00a0 \u00a0 \u00a0 \u00a0 \u00a0 \u00a0 \u00a0 \u00a0<img loading=\"lazy\" decoding=\"async\" class=\"alignnone size-medium wp-image-247\" src=\"https:\/\/tractor-stone-crusher.com\/wp-content\/uploads\/2025\/11\/patents-3-225x300.webp\" alt=\"\" width=\"225\" height=\"300\" srcset=\"https:\/\/tractor-stone-crusher.com\/wp-content\/uploads\/2025\/11\/patents-3-225x300.webp 225w, https:\/\/tractor-stone-crusher.com\/wp-content\/uploads\/2025\/11\/patents-3-9x12.webp 9w, https:\/\/tractor-stone-crusher.com\/wp-content\/uploads\/2025\/11\/patents-3.webp 417w\" sizes=\"(max-width: 225px) 100vw, 225px\" \/>\u00a0 \u00a0 \u00a0 \u00a0 \u00a0 \u00a0 \u00a0 \u00a0 \u00a0 \u00a0 \u00a0 \u00a0 \u00a0 \u00a0 \u00a0 \u00a0<img loading=\"lazy\" decoding=\"async\" class=\"alignnone size-medium wp-image-245\" src=\"https:\/\/tractor-stone-crusher.com\/wp-content\/uploads\/2025\/11\/patents-2-223x300.webp\" alt=\"patents\" width=\"223\" height=\"300\" srcset=\"https:\/\/tractor-stone-crusher.com\/wp-content\/uploads\/2025\/11\/patents-2-223x300.webp 223w, https:\/\/tractor-stone-crusher.com\/wp-content\/uploads\/2025\/11\/patents-2-9x12.webp 9w, https:\/\/tractor-stone-crusher.com\/wp-content\/uploads\/2025\/11\/patents-2.webp 415w\" sizes=\"(max-width: 223px) 100vw, 223px\" \/><\/p>\n<h2 data-start=\"81\" data-end=\"107\">Eftersalgsservice<\/h2>\n<p data-start=\"109\" data-end=\"502\">For at sikre langsigtet og p\u00e5lidelig ydeevne for kartoffelfureren i R-380-serien tilbyder vi et komplet eftersalgssupportsystem til kunder over hele verden. Hver enhed leveres med en to\u00e5rig garanti (eksklusive sliddele). Hvis der opst\u00e5r kvalitetsproblemer, der ikke er for\u00e5rsaget af mennesker, tilbyder vi gratis teknisk assistance og reservedele i garantiperioden for at sikre, at dit udstyr fungerer problemfrit.<\/p>\n<p data-start=\"504\" data-end=\"882\">Vores tekniske team st\u00e5r til r\u00e5dighed med installationsvejledning, betjeningsvejledning og grundl\u00e6ggende fejlfinding, s\u00e5 du kan komme i gang med at bruge udstyret effektivt fra den f\u00f8rste dag. For kunder i forskellige regioner tilbyder vi ogs\u00e5 l\u00f8bende fjernteknisk support via e-mail, beskedplatforme og videoassistance for at sikre, at du f\u00e5r rettidig hj\u00e6lp, n\u00e5r det er n\u00f8dvendigt.<\/p>\n<p data-start=\"884\" data-end=\"1294\">Vi har et stabilt lager af sliddele s\u00e5som knive og koblingskomponenter for at garantere en p\u00e5lidelig reservedelsforsyning og minimere nedetid i travle landbrugss\u00e6soner. Uanset om du er distribut\u00f8r, landmand eller k\u00f8ber af landbrugsudstyr, str\u00e6ber vi efter at tilbyde klar kommunikation, hurtige svar og p\u00e5lidelig service for at underst\u00f8tte din daglige drift og forl\u00e6nge dine maskiners levetid.<\/p>\n<h2 data-start=\"175\" data-end=\"185\">Ofte stillede sp\u00f8rgsm\u00e5l<\/h2>\n<h3 data-start=\"187\" data-end=\"268\">Hvor mange hestekr\u00e6fter kr\u00e6ves der til kartoffelfureren i R-380-serien?<\/h3>\n<p data-start=\"269\" data-end=\"494\">R-380-modellen fungerer bedst med traktorer p\u00e5 mindst 75 hk, mens R-580 kr\u00e6ver 85 hk eller derover. Begge modeller bruger en standard kategori 2-oph\u00e6ng, hvilket g\u00f8r dem kompatible med de fleste landbrugstraktorer i mellemklassen.<\/p>\n<h3 data-start=\"496\" data-end=\"559\">Kan furen bruges til andre afgr\u00f8der end kartofler?<\/h3>\n<p data-start=\"560\" data-end=\"784\">Ja. Selvom udstyret er optimeret til kartoffelplantning, er det ogs\u00e5 velegnet til s\u00f8de kartofler, jordn\u00f8dder, l\u00f8g, bomuld og andre r\u00e6kkeafgr\u00f8der. Den justerbare arbejdsbredde g\u00f8r det alsidigt til forskellige plantemetoder.<\/p>\n<h3 data-start=\"786\" data-end=\"838\">Hvor ofte skal knivene udskiftes?<\/h3>\n<p data-start=\"839\" data-end=\"1059\">Knivenes levetid afh\u00e6nger af jordens h\u00e5rdhed og markforholdene. I almindelig lerjord kan knivene typisk holde i en til to plantes\u00e6soner. For jord med sten eller h\u00f8jere slid anbefales periodisk inspektion.<\/p>\n<h3 data-start=\"1061\" data-end=\"1133\">Er det nemt at vedligeholde furen i travle landbrugss\u00e6soner?<\/h3>\n<p data-start=\"1134\" data-end=\"1317\">Ja. Strukturen er enkel og \u00e5ben, hvilket muligg\u00f8r hurtig reng\u00f8ring af jord og snavs. Kun grundl\u00e6ggende sm\u00f8ring og knivkontrol er n\u00f8dvendig, hvilket g\u00f8r den praktisk i spidsbelastningsperioder.<\/p>\n<h3 data-start=\"1319\" data-end=\"1368\">Hvilken support er tilg\u00e6ngelig efter k\u00f8b?<\/h3>\n<p data-start=\"1369\" data-end=\"1563\">Alle enheder leveres med to \u00e5rs garanti og kontinuerlig teknisk fjernsupport. Reservedele som knive og koblingskomponenter holdes p\u00e5 lager for at sikre hurtig udskiftning, n\u00e5r det er n\u00f8dvendigt.<\/p>\n<h2 data-start=\"1369\" data-end=\"1563\">Kundeanmeldelser<\/h2>\n<p data-start=\"90\" data-end=\"533\">\u2605\u2605\u2605\u2605\u2605 <strong data-start=\"96\" data-end=\"134\">Luke Doherty, Lockington, Victoria<\/strong><br data-start=\"134\" data-end=\"137\" \/>Jeg k\u00f8bte to R-380'ere sidste \u00e5r. F\u00f8r det brugte jeg stadig en 20 \u00e5r gammel tallerkenfr\u00e6ser, der sad fast hver eneste dag og gjorde mig vanvittig. Nu kobler jeg bare en R-380 p\u00e5 John Deere'en og rydder omkring 32 hektar om dagen. R\u00e6kkerne bliver s\u00e5 lige, at min kone jokede med, at hun kunne bruge dem som retningslinjer. Det sparede to arbejdere, brugte meget mindre br\u00e6ndstof og tjente sig selv hjem hurtigere end forventet. Kan varmt anbefales!<\/p>\n<p data-start=\"535\" data-end=\"990\">\u2605\u2605\u2605\u2605\u2606 <strong data-start=\"541\" data-end=\"590\">Sarah Nguyen, Atherton Tablelands, Queensland<\/strong><br data-start=\"590\" data-end=\"593\" \/>Jeg dyrker r\u00f8de s\u00f8de kartofler oppe p\u00e5 Tablelands \u2013 uj\u00e6vnt terr\u00e6n, masser af sten. Min gamle hyppefr\u00e6ser lavede altid den ene side h\u00f8jere end den anden. R-380 er nem at justere, et tryk p\u00e5 det hydrauliske h\u00e5ndtag, og det er ordnet. Det eneste problem var hurtigskiftet f\u00f8rste gang; det tog mig 10 minutter at indse, at jeg ikke havde justeret det ordentligt. Alt i alt meget tilfreds \u2013 minus \u00e9n stjerne, fordi manualen kunne v\u00e6re tydeligere.<\/p>\n<p data-start=\"992\" data-end=\"1394\">\u2605\u2605\u2605\u2606\u2606 <strong data-start=\"998\" data-end=\"1044\">Miguel Torres, Coonawarra, Sydaustralien<\/strong><br data-start=\"1044\" data-end=\"1047\" \/>Selve maskinen fungerer fint \u2013 hurtigt, p\u00e6nt, og h\u00f8jden og afstanden mellem kl\u00f8fterne er lette at justere. Men vores jord er fuld af h\u00e5rde sten, og knivene skulle vendes efter cirka 2400 hektar, lidt hurtigere end jeg h\u00e5bede. Leverand\u00f8ren foreslog en kraftig knivmulighed, som jeg helt sikkert ville betale ekstra for. Servicen var dog fantastisk \u2013 super hurtig levering.<\/p>\n<p data-start=\"1396\" data-end=\"1801\">\u2605\u2605\u2605\u2605\u2605 <strong data-start=\"1402\" data-end=\"1438\">Emma Watson, Devonport, Tasmanien<\/strong><br data-start=\"1438\" data-end=\"1441\" \/>Tasmanien f\u00e5r masser af regn om for\u00e5ret, og jorden bliver kl\u00e6brig. De fleste rynker synker direkte ned og f\u00e5r r\u00e6kkerne til at kollapse. R-380'erens galvaniserede ramme h\u00e5ndterer fugtigheden perfekt, og efter tre m\u00e5neder ser den stadig ny ud. Jeg brugte den endda til at lave gulerodsbede \u2013 det tog fem minutter at justere den og forts\u00e6tte med at virke. Et sandt multifunktionelt v\u00e6rkt\u00f8j, perfekt til travle avlere.<\/p>\n<p data-start=\"1803\" data-end=\"2168\">\u2605\u2605\u2605\u2605\u2606 <strong data-start=\"1809\" data-end=\"1846\">Liam Butler, Kingaroy, Queensland<\/strong><br data-start=\"1846\" data-end=\"1849\" \/>Vi skifter mellem jordn\u00f8dder og kartofler, s\u00e5 hurtige justeringer er virkelig vigtige. Denne maskine g\u00f8r det nemt at skifte afgr\u00f8de. Min eneste lille klage er v\u00e6gten \u2013 med omkring 260 kg har min gamle 50 hk Ferguson lidt sv\u00e6rt ved at l\u00f8fte den komfortabelt. Fungerer bedst med 70 hk og derover. Hvis de udgiver en lettere version, ville den v\u00e6re perfekt.<\/p>","protected":false},"excerpt":{"rendered":"<p>Kartoffelfureren R-380\/R-580-serien tilbyder to praktiske konfigurationer til forskellige landbrugsskalaer: en 3-r\u00e6kket R-380 til mellemstore marker og en 5-r\u00e6kket R-580 til opgaver med h\u00f8jere kapacitet. Begge modeller bruger en forst\u00e6rket ramme og varmebehandlede knive til stabil kamdannelse i lerjord eller blandet jord. R-380 er designet til kategori II-oph\u00e6ng og passer godt sammen med traktorer p\u00e5 70-100 hk, mens den tungere R-580 passer til enheder p\u00e5 85-120 hk. Serien passer problemfrit til st\u00f8rre platforme som f.eks. <em data-start=\"619\" data-end=\"637\">John Deere 5E\/6M<\/em>, <em data-start=\"639\" data-end=\"655\">New Holland T5<\/em>, <em data-start=\"657\" data-end=\"671\">Kubota M5\/M6<\/em>, <em data-start=\"673\" data-end=\"697\">Case IH Farmall 75\u2013110<\/em>og lignende modeller. Justerbar r\u00e6kkeafstand g\u00f8r begge versioner til p\u00e5lidelige valg til kartofler, s\u00f8de kartofler, jordn\u00f8dder og andre r\u00e6kkeafgr\u00f8der.<\/p>","protected":false},"featured_media":279,"comment_status":"open","ping_status":"closed","template":"","meta":{"_et_pb_use_builder":"","_et_pb_old_content":"","_et_gb_content_width":""},"product_brand":[],"product_cat":[25],"product_tag":[],"class_list":{"0":"post-278","1":"product","2":"type-product","3":"status-publish","4":"has-post-thumbnail","6":"product_cat-potato-furrower","8":"first","9":"instock","10":"shipping-taxable","11":"product-type-simple"},"_links":{"self":[{"href":"https:\/\/tractor-stone-crusher.com\/da\/wp-json\/wp\/v2\/product\/278","targetHints":{"allow":["GET"]}}],"collection":[{"href":"https:\/\/tractor-stone-crusher.com\/da\/wp-json\/wp\/v2\/product"}],"about":[{"href":"https:\/\/tractor-stone-crusher.com\/da\/wp-json\/wp\/v2\/types\/product"}],"replies":[{"embeddable":true,"href":"https:\/\/tractor-stone-crusher.com\/da\/wp-json\/wp\/v2\/comments?post=278"}],"wp:featuredmedia":[{"embeddable":true,"href":"https:\/\/tractor-stone-crusher.com\/da\/wp-json\/wp\/v2\/media\/279"}],"wp:attachment":[{"href":"https:\/\/tractor-stone-crusher.com\/da\/wp-json\/wp\/v2\/media?parent=278"}],"wp:term":[{"taxonomy":"product_brand","embeddable":true,"href":"https:\/\/tractor-stone-crusher.com\/da\/wp-json\/wp\/v2\/product_brand?post=278"},{"taxonomy":"product_cat","embeddable":true,"href":"https:\/\/tractor-stone-crusher.com\/da\/wp-json\/wp\/v2\/product_cat?post=278"},{"taxonomy":"product_tag","embeddable":true,"href":"https:\/\/tractor-stone-crusher.com\/da\/wp-json\/wp\/v2\/product_tag?post=278"}],"curies":[{"name":"wp","href":"https:\/\/api.w.org\/{rel}","templated":true}]}}