{"id":265,"date":"2025-11-28T06:46:08","date_gmt":"2025-11-28T06:46:08","guid":{"rendered":"https:\/\/tractor-stone-crusher.com\/?post_type=product&#038;p=265"},"modified":"2025-11-28T07:26:11","modified_gmt":"2025-11-28T07:26:11","slug":"stone-crusher-thor-3-0","status":"publish","type":"product","link":"https:\/\/tractor-stone-crusher.com\/da\/vare\/stone-crusher-thor-3-0\/","title":{"rendered":"Australien Watanabe stenknuser THOR \u2013 3.0+ KIT TR\u00c6KBAR"},"content":{"rendered":"<h2>Produktparametre<\/h2>\n<div style=\"max-width: 100%; overflow-x: auto;\">\n<table style=\"width: 100%; background-color: #f9f9f9; border-collapse: collapse;\">\n<thead>\n<tr>\n<th style=\"background-color: #ff9a33; color: white; padding: 8px; border: 1px solid #333; text-align: center;\">TEKNISKE DATA<\/th>\n<th style=\"background-color: #ff9a33; color: white; padding: 8px; border: 1px solid #333; text-align: center;\">THOR 3.0<\/th>\n<\/tr>\n<\/thead>\n<tbody>\n<tr style=\"background-color: #f0f0f0;\">\n<td style=\"padding: 8px; border: 1px solid #333; text-align: center;\">Dimensioner<\/td>\n<td style=\"padding: 8px; border: 1px solid #333; text-align: center;\"><\/td>\n<\/tr>\n<tr style=\"background-color: white;\">\n<td style=\"padding: 8px; border: 1px solid #333; text-align: center;\">L\u00e6ngde (mm.)<\/td>\n<td style=\"padding: 8px; border: 1px solid #333; text-align: center;\">1732<\/td>\n<\/tr>\n<tr style=\"background-color: #f0f0f0;\">\n<td style=\"padding: 8px; border: 1px solid #333; text-align: center;\">Bredde (mm.)<\/td>\n<td style=\"padding: 8px; border: 1px solid #333; text-align: center;\">3000<\/td>\n<\/tr>\n<tr style=\"background-color: white;\">\n<td style=\"padding: 8px; border: 1px solid #333; text-align: center;\">H\u00f8jde (mm.)<\/td>\n<td style=\"padding: 8px; border: 1px solid #333; text-align: center;\">1212<\/td>\n<\/tr>\n<tr style=\"background-color: #f0f0f0;\">\n<td style=\"padding: 8px; border: 1px solid #333; text-align: center;\">V\u00e6gt<\/td>\n<td style=\"padding: 8px; border: 1px solid #333; text-align: center;\">2800 kg<\/td>\n<\/tr>\n<tr style=\"background-color: white;\">\n<td style=\"padding: 8px; border: 1px solid #333; text-align: center;\">Kategori for bundkobling<\/td>\n<td style=\"padding: 8px; border: 1px solid #333; text-align: center;\">2<\/td>\n<\/tr>\n<tr style=\"background-color: #f0f0f0;\">\n<td style=\"padding: 8px; border: 1px solid #333; text-align: center;\">Bredde<\/td>\n<td style=\"padding: 8px; border: 1px solid #333; text-align: center;\">3,0 m<\/td>\n<\/tr>\n<tr style=\"background-color: white;\">\n<td style=\"padding: 8px; border: 1px solid #333; text-align: center;\">Krav til traktorer<\/td>\n<td style=\"padding: 8px; border: 1px solid #333; text-align: center;\"><\/td>\n<\/tr>\n<tr style=\"background-color: #f0f0f0;\">\n<td style=\"padding: 8px; border: 1px solid #333; text-align: center;\">Motoreffekt (min.)<\/td>\n<td style=\"padding: 8px; border: 1px solid #333; text-align: center;\">230 hk<\/td>\n<\/tr>\n<tr style=\"background-color: white;\">\n<td style=\"padding: 8px; border: 1px solid #333; text-align: center;\">Arbejdshastighed<\/td>\n<td style=\"padding: 8px; border: 1px solid #333; text-align: center;\">3 km\/t<\/td>\n<\/tr>\n<tr style=\"background-color: #f0f0f0;\">\n<td style=\"padding: 8px; border: 1px solid #333; text-align: center;\">N\u00f8dvendige reguleringsventiler<\/td>\n<td style=\"padding: 8px; border: 1px solid #333; text-align: center;\">2<\/td>\n<\/tr>\n<\/tbody>\n<\/table>\n<\/div>\n<h2>Produktoversigt<\/h2>\n<p><img loading=\"lazy\" decoding=\"async\" class=\"aligncenter wp-image-266 size-full\" src=\"https:\/\/tractor-stone-crusher.com\/wp-content\/uploads\/2025\/11\/tractor-stone-crushe-thor-2.4-kit-drawbar-1-1.webp\" alt=\"tractor-stone-crushe-thor-3.0 + kit drawbar-1\" width=\"806\" height=\"726\" srcset=\"https:\/\/tractor-stone-crusher.com\/wp-content\/uploads\/2025\/11\/tractor-stone-crushe-thor-2.4-kit-drawbar-1-1.webp 806w, https:\/\/tractor-stone-crusher.com\/wp-content\/uploads\/2025\/11\/tractor-stone-crushe-thor-2.4-kit-drawbar-1-1-480x432.webp 480w\" sizes=\"(min-width: 0px) and (max-width: 480px) 480px, (min-width: 481px) 806px, 100vw\" \/><\/p>\n<p data-start=\"71\" data-end=\"450\">Watanabe THOR 3.0 stenknuseren er en h\u00f8jtydende, kraftig maskine designet til storstilet sten- og klippeknusning. Dens robuste konstruktion og unikke design g\u00f8r den til et ideelt valg til brug i stenbrud, miner og store byggeprojekter. THOR 3.0-modellen inkorporerer avanceret teknologi for at sikre overlegen knusningseffektivitet og p\u00e5lidelighed.<\/p>\n<p data-start=\"452\" data-end=\"765\">De vigtigste specifikationer for THOR 3.0 inkluderer en l\u00e6ngde p\u00e5 1732 mm, en bredde p\u00e5 3000 mm og en h\u00f8jde p\u00e5 1212 mm, med en samlet v\u00e6gt p\u00e5 2800 kg. Disse dimensioner og v\u00e6gt g\u00f8r det muligt for maskinen at yde effektivt p\u00e5 udfordrende arbejdssteder og levere ensartet og p\u00e5lidelig ydeevne, selv under kr\u00e6vende opgaver.<\/p>\n<p data-start=\"767\" data-end=\"1060\">Equipped with a 230-horsepower engine, the THOR 3.0 operates at a working speed of 3 km\/h, delivering powerful output to meet demanding workloads. The machine&#8217;s two control valves and hydraulic system offer precise control, ensuring optimal stability and functionality in various environments.<\/p>\n<h2 data-start=\"1187\" data-end=\"1253\">Tekniske fordele ved Watanabe THOR 3.0 stenknuseren<\/h2>\n<h3 data-start=\"1255\" data-end=\"1302\">Enest\u00e5ende strukturelt design og st\u00f8rrelse<\/h3>\n<p data-start=\"1304\" data-end=\"1785\">The Watanabe THOR 3.0 stone crusher is engineered with a robust design that guarantees efficient and stable operation in harsh working conditions. With its dimensions of 1732mm in length, 3000mm in width, and 1212mm in height, and a weight of 2800 kg, it is perfectly suited for heavy-duty applications in quarries and mining operations. The large size not only offers increased capacity but also enhances the machine&#8217;s stability, making it ideal for high-intensity crushing tasks.<\/p>\n<h3 data-start=\"1870\" data-end=\"1905\">H\u00f8j effekt og ydeevne<\/h3>\n<p data-start=\"1907\" data-end=\"2306\">THOR 3.0 er drevet af en 230 hestekr\u00e6fters motor, der sikrer fremragende ydeevne under store stenknusningsoperationer. Med en hastighed p\u00e5 3 km\/t h\u00e5ndterer denne maskine effektivt langvarige opgaver, samtidig med at den opretholder h\u00f8j produktivitet. Sammenlignet med lignende maskiner udm\u00e6rker THOR 3.0 sig ved kraftlevering og knusningskapacitet, hvilket g\u00f8r den til et p\u00e5lideligt valg til milj\u00f8er med h\u00f8j eftersp\u00f8rgsel.<\/p>\n<h3 data-start=\"2397\" data-end=\"2438\">H\u00f8j lasteevne og stabilitet<\/h3>\n<p data-start=\"2440\" data-end=\"2816\">THOR 3.0 er bygget til at modst\u00e5 lange timers h\u00e5rd brug med en v\u00e6gt p\u00e5 2800 kg og en kategori 2-oph\u00e6ng. Denne kombination sikrer, at maskinen forbliver stabil selv under intens drift. Uanset om det er i minedrift, stenbrud eller vejbygning, opretholder THOR 3.0 overlegen ydeevne under udfordrende forhold og giver langvarig p\u00e5lidelighed og effektivitet.<\/p>\n<p data-start=\"2440\" data-end=\"2816\"><img loading=\"lazy\" decoding=\"async\" class=\"aligncenter wp-image-262 size-full\" src=\"https:\/\/tractor-stone-crusher.com\/wp-content\/uploads\/2025\/11\/tractor-stone-crushe-application.webp\" alt=\"tractor stone crushe-application\" width=\"1525\" height=\"672\" srcset=\"https:\/\/tractor-stone-crusher.com\/wp-content\/uploads\/2025\/11\/tractor-stone-crushe-application.webp 1525w, https:\/\/tractor-stone-crusher.com\/wp-content\/uploads\/2025\/11\/tractor-stone-crushe-application-1280x564.webp 1280w, https:\/\/tractor-stone-crusher.com\/wp-content\/uploads\/2025\/11\/tractor-stone-crushe-application-980x432.webp 980w, https:\/\/tractor-stone-crusher.com\/wp-content\/uploads\/2025\/11\/tractor-stone-crushe-application-480x212.webp 480w\" sizes=\"(min-width: 0px) and (max-width: 480px) 480px, (min-width: 481px) and (max-width: 980px) 980px, (min-width: 981px) and (max-width: 1280px) 1280px, (min-width: 1281px) 1525px, 100vw\" \/><\/p>\n<h2>Anvendelser af Watanabe THOR 3.0 stenknuseren<\/h2>\n<h3 data-start=\"2936\" data-end=\"2981\">Tung minedrift og stenknusning<\/h3>\n<p data-start=\"2983\" data-end=\"3335\">Watanabe THOR 3.0 er ideelt egnet til kr\u00e6vende stenknusningsopgaver inden for minedrift og stenbrud. Den h\u00e5ndterer effektivt h\u00e5rde klipper og malm og giver fremragende knusningsydelse. Dens kraftfulde motor og avancerede funktioner g\u00f8r det muligt for den at h\u00e5ndtere store stenknusningsopgaver, hvilket \u00f8ger produktiviteten og driftseffektiviteten.<\/p>\n<h3 data-start=\"3392\" data-end=\"3437\">Byggepladser og vejbygning<\/h3>\n<p data-start=\"3439\" data-end=\"3804\">Stenknusere er afg\u00f8rende for byggepladser og vejbygningsprojekter. THOR 3.0 kan bearbejde en r\u00e6kke forskellige materialer, herunder store stenblokke og betonbrokker, hvilket sikrer en gnidningsl\u00f8s projektproces. Uanset om det drejer sig om store infrastrukturprojekter eller mindre vejbygningsopgaver, leverer THOR 3.0 kraftfuld underst\u00f8ttelse af effektiv materialebehandling.<\/p>\n<p data-start=\"3439\" data-end=\"3804\"><img loading=\"lazy\" decoding=\"async\" class=\"aligncenter wp-image-190 size-large\" src=\"https:\/\/tractor-stone-crusher.com\/wp-content\/uploads\/2025\/11\/tractor-stone-crusher-1-2-1024x768.webp\" alt=\"Tractors Stone Crusher Road Construction\" width=\"1024\" height=\"768\" srcset=\"https:\/\/tractor-stone-crusher.com\/wp-content\/uploads\/2025\/11\/tractor-stone-crusher-1-2-1024x768.webp 1024w, https:\/\/tractor-stone-crusher.com\/wp-content\/uploads\/2025\/11\/tractor-stone-crusher-1-2-980x735.webp 980w, https:\/\/tractor-stone-crusher.com\/wp-content\/uploads\/2025\/11\/tractor-stone-crusher-1-2-480x360.webp 480w\" sizes=\"(min-width: 0px) and (max-width: 480px) 480px, (min-width: 481px) and (max-width: 980px) 980px, (min-width: 981px) 1024px, 100vw\" \/><\/p>\n<h2>Analyse af kernekomponenter: Sikring af langsigtet stabil drift<\/h2>\n<h3 data-start=\"70\" data-end=\"109\">H\u00f8jtydende motorsystem<\/h3>\n<p data-start=\"111\" data-end=\"588\">Watanabe THOR 3.0 stenknuseren er udstyret med en 230 hestekr\u00e6fters h\u00f8jeffektiv motor, der sikrer ensartet og kraftfuld ydeevne selv under kr\u00e6vende forhold. Motoren er designet til at tilbyde lavt br\u00e6ndstofforbrug og h\u00f8j effektivitet, hvilket hj\u00e6lper med at reducere driftsomkostningerne og samtidig opretholde topydelsen. I forskellige arbejdsmilj\u00f8er underst\u00f8tter denne kraftfulde motor maskinens evne til at k\u00f8re kontinuerligt og effektivt og tilpasser sig godt til kr\u00e6vende opgaver.<\/p>\n<h3 data-start=\"590\" data-end=\"642\">Pr\u00e6cise styreventiler og hydraulisk system<\/h3>\n<p data-start=\"644\" data-end=\"1077\">THOR 3.0 har et avanceret hydraulisk system med to kontrolventiler, der giver pr\u00e6cis kontrol under drift. Dette design forbedrer maskinens responsivitet og muligg\u00f8r realtidsjusteringer af knusningskraft og driftshastighed. Det hydrauliske systems effektivitet minimerer nedetid i forbindelse med vedligeholdelse og forbedrer den samlede produktivitet, hvilket sikrer, at maskinen leverer ensartet ydeevne i hele sin levetid.<\/p>\n<h3 data-start=\"1079\" data-end=\"1144\">Forst\u00e6rkede knuseblade og slidst\u00e6rke komponenter<\/h3>\n<p data-start=\"1146\" data-end=\"1575\">To withstand prolonged heavy-duty operations, the THOR 3.0 is equipped with high-strength, wear-resistant crushing blades and critical components. These parts are designed to reduce wear and extend the machine&#8217;s lifespan. Whether dealing with high-hardness materials or operating in harsh environments, the THOR 3.0 maintains its performance and efficiency, lowering maintenance costs and the need for frequent part replacements.<\/p>\n<p data-start=\"1146\" data-end=\"1575\"><img loading=\"lazy\" decoding=\"async\" class=\"aligncenter wp-image-267\" src=\"https:\/\/tractor-stone-crusher.com\/wp-content\/uploads\/2025\/11\/maintence-9-scaled-e1764225062899-1024x505.webp\" alt=\"Maintenance\" width=\"1058\" height=\"522\" srcset=\"https:\/\/tractor-stone-crusher.com\/wp-content\/uploads\/2025\/11\/maintence-9-scaled-e1764225062899-980x551.webp 980w, https:\/\/tractor-stone-crusher.com\/wp-content\/uploads\/2025\/11\/maintence-9-scaled-e1764225062899-480x270.webp 480w\" sizes=\"(min-width: 0px) and (max-width: 480px) 480px, (min-width: 481px) and (max-width: 980px) 980px, (min-width: 981px) 1058px, 100vw\" \/><\/p>\n<h2 data-start=\"1582\" data-end=\"1635\">Vedligeholdelse og pleje<\/h2>\n<h3 data-start=\"1637\" data-end=\"1681\">Regelm\u00e6ssige inspektioner og vedligeholdelse<\/h3>\n<p data-start=\"1683\" data-end=\"2102\">For at sikre, at Watanabe THOR 3.0 fungerer optimalt p\u00e5 lang sigt, er regelm\u00e6ssige inspektioner og vedligeholdelse afg\u00f8rende. Det anbefales, at brugerne udf\u00f8rer periodiske kontroller af kritiske komponenter s\u00e5som motor, hydrauliksystem og knuseblade. Rettidig vedligeholdelse hj\u00e6lper med at identificere potentielle problemer tidligt, minimerer risikoen for uventede nedbrud og sikrer, at udstyret k\u00f8rer problemfrit og effektivt.<\/p>\n<h3 data-start=\"2104\" data-end=\"2153\">P\u00e5lidelig eftersalgsservice og support<\/h3>\n<p data-start=\"2155\" data-end=\"2616\">Watanabe tilbyder omfattende eftersalgsservice til THOR 3.0, herunder rutinem\u00e6ssige inspektioner, teknisk support og fejlfinding. Alle kunder, der k\u00f8ber THOR 3.0, er berettiget til et \u00e5rs garanti, der d\u00e6kker eventuelle kvalitetsproblemer. I tilf\u00e6lde af problemer tilbyder Watanabe hurtige svar og reparationstjenester for at minimere nedetid. Derudover sikrer global eftersalgssupport, at kunderne kan f\u00e5 adgang til hj\u00e6lp, n\u00e5r og hvor de har brug for det.<\/p>\n<h3 data-start=\"2618\" data-end=\"2668\">Originale reservedele og teknisk support<\/h3>\n<p data-start=\"2670\" data-end=\"3093\">For at opretholde THOR 3.0's toppr\u00e6station leverer Watanabe originale reservedele og omfattende teknisk support. Alle dele er af OEM-kvalitet (Original Equipment Manufacturer), hvilket sikrer optimal kompatibilitet og holdbarhed. Uanset om det drejer sig om udskiftning af knuseblade, hydrauliske komponenter eller motorvedligeholdelse, tilbyder vi ekspertvejledning for at hj\u00e6lpe brugerne med at opretholde maskinens effektivitet og forl\u00e6nge dens levetid.<\/p>\n<h2 data-start=\"58\" data-end=\"132\">Effektive stenknusningsl\u00f8sninger til det australske marked<\/h2>\n<p data-start=\"134\" data-end=\"1053\">As a local Australian company, we understand the critical role mining and infrastructure construction play in our economy. The Watanabe THOR 3.0 stone crusher is designed to meet this challenge, delivering outstanding performance in Australia\u2019s unique and demanding conditions. Whether it&#8217;s vast mining operations or busy road construction projects, the THOR 3.0, with its powerful engine and efficient crushing capabilities, helps our clients boost productivity and ensure smooth operations. We\u2019ve tailored the THOR 3.0 to meet the specific needs of the Australian market, offering high stability and durability to maintain peak performance during extended heavy-duty use. As a local supplier, we\u2019ve built strong relationships with our customers, ensuring timely after-sales service and technical support, keeping your equipment in optimal condition, reducing operating costs, and enhancing overall project efficiency.<\/p>\n<p data-start=\"134\" data-end=\"1053\"><img loading=\"lazy\" decoding=\"async\" class=\"aligncenter wp-image-238 size-large\" src=\"https:\/\/tractor-stone-crusher.com\/wp-content\/uploads\/2025\/11\/tractor-stone-crusher-factory-1024x683.webp\" alt=\"stone-crusher-factory\" width=\"1024\" height=\"683\" srcset=\"https:\/\/tractor-stone-crusher.com\/wp-content\/uploads\/2025\/11\/tractor-stone-crusher-factory-980x653.webp 980w, https:\/\/tractor-stone-crusher.com\/wp-content\/uploads\/2025\/11\/tractor-stone-crusher-factory-480x320.webp 480w\" sizes=\"(min-width: 0px) and (max-width: 480px) 480px, (min-width: 481px) and (max-width: 980px) 980px, (min-width: 981px) 1024px, 100vw\" \/><\/p>\n<h2>Hvorfor v\u00e6lge os?<\/h2>\n<h3 dir=\"auto\">Dokumenteret erfaring under vanskelige forhold<\/h3>\n<p dir=\"auto\">We&#8217;ve been building reliable stone crushers for agricultural and construction work since 2005, with a focus on heavy-duty gear that handles Australia\u2019s basalt, ironstone, and bluestone without drama. Over 40 units are already out there\u2014from North Queensland to the WA Wheatbelt\u2014crushing rocks up to 600 mm and saving operators heaps on site prep.<\/p>\n<h3 dir=\"auto\">Kvalitet bygget til det lange l\u00f8b<\/h3>\n<p dir=\"auto\">Vores knusere fremstilles i vores moderne 5.000 m\u00b2 store anl\u00e6g i Kina med t\u00e6nder af h\u00f8j kvalitet i h\u00e5rdmetal og forst\u00e6rkede rammer, der er testet i over 800 timer i \u00e6gte sten. Det enkle design med lav vedligeholdelse betyder nemme tandskift og minimal nedetid p\u00e5 dit job.<\/p>\n<h3 dir=\"auto\">Hurtige reservedele og direkte support til Australien<\/h3>\n<p dir=\"auto\">Vi har almindelige sliddele p\u00e5 lager i Perth, s\u00e5 du aldrig skal vente i ugevis p\u00e5 t\u00e6nder eller lejer. Har du sp\u00f8rgsm\u00e5l eller brug for et tilbud? Send os blot en e-mail p\u00e5 <a href=\"mailto:sales@tractor-stone-crusher.com\" target=\"_blank\" rel=\"noopener noreferrer nofollow\">sales@tractor-stone-crusher.com<\/a> \u2013 Vi svarer normalt inden for et par timer, selv i weekenderne.<\/p>\n<h3 dir=\"auto\">Solid garanti og service uden problemer<\/h3>\n<p dir=\"auto\">Alle knusere i THOR-serien leveres med 12 m\u00e5neders reservedelsgaranti og 90 dages arbejdsforsikring gennem vores agent i Perth. Originale reservedele, klar r\u00e5dgivning og maskiner, der tjener dig penge s\u00e6son efter s\u00e6son.<\/p>\n<h3 dir=\"auto\">Din partner inden for smartere knusning<\/h3>\n<p dir=\"auto\">Vi er ligefremme: Kinabygget, afpr\u00f8vet i felten og med den rigtige pris til australske forhold. Klar til at f\u00e5 mere fra h\u00e5nden med mindre besv\u00e6r? Send en e-mail til sales@tractor-stone-crusher.com i dag for at f\u00e5 aktuelle priser og leveringstider.<\/p>\n<h3>Kontakt os<\/h3>\n<p><a href=\"\/da\/contact-us\/\">Kontakt os<\/a> i dag for at opdage, hvordan Watanabe THOR 3.0 kan forbedre dine projekter!<\/p>\n<p><img loading=\"lazy\" decoding=\"async\" class=\"alignnone wp-image-248\" src=\"https:\/\/tractor-stone-crusher.com\/wp-content\/uploads\/2025\/11\/patents-1-206x300.webp\" alt=\"Our Certificates\" width=\"272\" height=\"396\" srcset=\"https:\/\/tractor-stone-crusher.com\/wp-content\/uploads\/2025\/11\/patents-1-206x300.webp 206w, https:\/\/tractor-stone-crusher.com\/wp-content\/uploads\/2025\/11\/patents-1-8x12.webp 8w, https:\/\/tractor-stone-crusher.com\/wp-content\/uploads\/2025\/11\/patents-1.webp 360w\" sizes=\"(max-width: 272px) 100vw, 272px\" \/> <img loading=\"lazy\" decoding=\"async\" class=\"wp-image-246 alignleft\" src=\"https:\/\/tractor-stone-crusher.com\/wp-content\/uploads\/2025\/11\/patents-3-225x300.jpg\" alt=\"patents\" width=\"292\" height=\"389\" srcset=\"https:\/\/tractor-stone-crusher.com\/wp-content\/uploads\/2025\/11\/patents-3-225x300.jpg 225w, https:\/\/tractor-stone-crusher.com\/wp-content\/uploads\/2025\/11\/patents-3-9x12.jpg 9w, https:\/\/tractor-stone-crusher.com\/wp-content\/uploads\/2025\/11\/patents-3.jpg 417w\" sizes=\"(max-width: 292px) 100vw, 292px\" \/> <img loading=\"lazy\" decoding=\"async\" class=\"wp-image-245 alignnone\" src=\"https:\/\/tractor-stone-crusher.com\/wp-content\/uploads\/2025\/11\/patents-2-223x300.webp\" alt=\"patents\" width=\"298\" height=\"401\" srcset=\"https:\/\/tractor-stone-crusher.com\/wp-content\/uploads\/2025\/11\/patents-2-223x300.webp 223w, https:\/\/tractor-stone-crusher.com\/wp-content\/uploads\/2025\/11\/patents-2-9x12.webp 9w, https:\/\/tractor-stone-crusher.com\/wp-content\/uploads\/2025\/11\/patents-2.webp 415w\" sizes=\"(max-width: 298px) 100vw, 298px\" \/><\/p>\n<h3 dir=\"auto\"><\/h3>\n<h2 dir=\"auto\">Ofte stillede sp\u00f8rgsm\u00e5l<\/h2>\n<h3 dir=\"auto\">Hvor mange hestekr\u00e6fter skal jeg bruge for at k\u00f8re THOR 3.0?<\/h3>\n<p dir=\"auto\">Minimum 230 HK, men de fleste australske brugere k\u00f8rer den komfortabelt p\u00e5 traktorer med 250-350 HK (John Deere 8R, Case IH Magnum, New Holland T8, Fendt 900 osv.). I barsk basalt- eller jernstenslandskab g\u00f8r 280+ HK livet meget lettere.<\/p>\n<h3 dir=\"auto\">Hvor hurtigt virker det egentlig p\u00e5 rigtige opgaver?<\/h3>\n<p dir=\"auto\">Typisk fremk\u00f8rselshastighed er 1,5-3,5 km\/t. De fleste f\u00f8rere k\u00f8rer omkring 2-2,5 km\/t ved 1000-1200 o\/min, n\u00e5r de begraver sten p\u00e5 150-200 mm i \u00e9n overk\u00f8rsel. Du kan k\u00f8re op til 3+ km\/t i lettere terr\u00e6n eller n\u00e5r du bare skummer overfladen.<\/p>\n<h3 dir=\"auto\">Hvilken garanti tilbyder I i Australien?<\/h3>\n<p dir=\"auto\">12 m\u00e5neders reservedelsgaranti + 90 dages arbejdskraft gennem vores reservedelsagent i Perth. Sliddele (t\u00e6nder, bolte, lejer) er p\u00e5 lager i Western Australia og sendes natten over til de fleste omr\u00e5der.<\/p>\n<h3 dir=\"auto\">Hvilken st\u00f8rrelse sten kan den klare?<\/h3>\n<p dir=\"auto\">Op til 500-600 mm intet problem. Maskiner arbejder i \u00f8jeblikket p\u00e5 basalt, bl\u00e5sten, granit, jernsten, sandsten og gammel beton\/jernbaneballast i QLD, NSW, VIC og WA.<\/p>\n<h3 dir=\"auto\">Hvor l\u00e6nge holder t\u00e6nderne?<\/h3>\n<p dir=\"auto\">Gennemsnitlige australske forhold: \u2022 Basalt\/jernsten: 400-800 timer pr. s\u00e6t \u2022 Sandsten\/lettere bjergarter: 1000-1500+ timer. \u00c6gte h\u00e5rdmetalt\u00e6nder opbevares p\u00e5 lager i Perth \u2013 levering n\u00e6ste dag til de fleste g\u00e5rde.<\/p>\n<h2>Kundeanmeldelser<\/h2>\n<p dir=\"auto\">\u2b50\u2b50\u2b50\u2b50\u2b50 Jake Morrison, ejer og operat\u00f8r, Morrison Civil, Sunshine Coast QLD Jeg k\u00f8bte THOR 3.0'eren med tr\u00e6kstangss\u00e6ttet i marts. Jeg har fodret den direkte med basalt fra en 30-tonners p\u00e5 et vejarbejde, og den bliver bare ved med at tygge. St\u00f8rrelsen er perfekt til tr\u00e6kstangen, s\u00e5 vi springer helt over sigten. F\u00f8reren mener, den er mere stabil end den gamle MB, vi havde. Stadig p\u00e5 det f\u00f8rste s\u00e6t t\u00e6nder efter 600 timer. Er vildt glad.<\/p>\n<p dir=\"auto\">\u2b50\u2b50\u2b50\u2b50 Tommo (Lachlan Thompson), Formand, BMD, Western Sydney K\u00f8rer den p\u00e5 en 336 Cat, der laver store jordarbejder vestp\u00e5. K\u00f8rer jobbet, intet drama. Tr\u00e6kstangss\u00e6ttet er praktisk, n\u00e5r vi hopper mellem klodser \u2013 det sparer os for at skulle h\u00e6gte dollyen p\u00e5 hvert femte minut. Den eneste klage er v\u00e6gten; 3.0'eren er en tung sag, n\u00e5r den er fuld, s\u00e5 man m\u00e6rker det p\u00e5 en 30-tonner, n\u00e5r man svinger hurtigt. Fire stjerner, solid enhed.<\/p>\n<p dir=\"auto\">\u2b50\u2b50\u2b50\u2b50\u2b50 Rach Kennedy, stenbrudsleder, Holcim Geelong VIC Vi k\u00f8bte den til genbrug af gamle betonbunker. Forvandler 600 mm plader til 75 mm minus i \u00e9n overk\u00f8rsel, ingen bekymringer. Tr\u00e6kstangen lader os tr\u00e6kke en fuld skovl over til bunken uden at skifte redskaber \u2013 det sparer masser af tid. Har v\u00e6ret p\u00e5 fuld gas seks dage om ugen i fire m\u00e5neder, og intet fungerer stadig. Pengene v\u00e6rd.<\/p>\n<p dir=\"auto\">\u2b50\u2b50\u2b50\u2b50 Dylan \u201cDiz\u201d Pearce, fabrikschef, Delta Group, Melbourne Har to af dem nu. Den ene er ansat i Gippsland og tygger p\u00e5 bl\u00e5sten \u2013 t\u00e6nderslid er normalt for den sten. Den anden har lavet demobeton i de sidste seks uger, og den elsker det. Lynkoblingerne l\u00e6kkede lidt, da de var nye, de tr\u00e6ngte bare til en oprydning. Tr\u00e6kstangss\u00e6ttet er praktisk, men lakken ridser let. Ordentligt gear, fire og lidt stjerner.<\/p>\n<p dir=\"auto\">\u2b50\u2b50\u2b50\u2b50\u2b50 Shane Burrows, Entrepren\u00f8r, Burrows Excavations, Townsville Varmen i Townsville er brutal, og alt ruster hurtigt. THOR 3.0 har v\u00e6ret her i fem m\u00e5neder og ser stadig n\u00e6sten ny ud. Den knuste gennem en bunke jernbanesveller og beton i sidste uge uden at t\u00f8ve. En kammerat, der driver et konkurrerende m\u00e6rke, kom forbi, kiggede p\u00e5 det og sagde bare \"ja ... m\u00e5ske bliver jeg n\u00f8dt til at f\u00e5 fat i en af \u200b\u200bdisse\". Det siger det hele.<\/p>","protected":false},"excerpt":{"rendered":"<p>Den australske Watanabe-stenknuser THOR \u2013 3.0+ KIT DRAWBAR er en kraftig knusemaskine designet til store landbrugs- og byggeprojekter. Med et traktorkrav p\u00e5 230 hestekr\u00e6fter er den kompatibel med kategori 2-liftsystemer og passer til traktorer fra m\u00e6rker som John Deere, Case IH og New Holland. THOR 3.0+ er ideel til rydning af jord, fjernelse af sten og vejarbejde og tilbyder en arbejdsbredde p\u00e5 3,0 meter og p\u00e5lidelig ydeevne under kr\u00e6vende forhold. Med sit robuste design og avancerede hydrauliske styring leverer den effektiv og stabil drift p\u00e5 h\u00e5rde materialer i stenbrud og store landbrug.<\/p>","protected":false},"featured_media":266,"comment_status":"open","ping_status":"closed","template":"","meta":{"_et_pb_use_builder":"","_et_pb_old_content":"","_et_gb_content_width":""},"product_brand":[],"product_cat":[24],"product_tag":[],"class_list":{"0":"post-265","1":"product","2":"type-product","3":"status-publish","4":"has-post-thumbnail","6":"product_cat-stone-crusher","8":"first","9":"instock","10":"shipping-taxable","11":"product-type-simple"},"_links":{"self":[{"href":"https:\/\/tractor-stone-crusher.com\/da\/wp-json\/wp\/v2\/product\/265","targetHints":{"allow":["GET"]}}],"collection":[{"href":"https:\/\/tractor-stone-crusher.com\/da\/wp-json\/wp\/v2\/product"}],"about":[{"href":"https:\/\/tractor-stone-crusher.com\/da\/wp-json\/wp\/v2\/types\/product"}],"replies":[{"embeddable":true,"href":"https:\/\/tractor-stone-crusher.com\/da\/wp-json\/wp\/v2\/comments?post=265"}],"wp:featuredmedia":[{"embeddable":true,"href":"https:\/\/tractor-stone-crusher.com\/da\/wp-json\/wp\/v2\/media\/266"}],"wp:attachment":[{"href":"https:\/\/tractor-stone-crusher.com\/da\/wp-json\/wp\/v2\/media?parent=265"}],"wp:term":[{"taxonomy":"product_brand","embeddable":true,"href":"https:\/\/tractor-stone-crusher.com\/da\/wp-json\/wp\/v2\/product_brand?post=265"},{"taxonomy":"product_cat","embeddable":true,"href":"https:\/\/tractor-stone-crusher.com\/da\/wp-json\/wp\/v2\/product_cat?post=265"},{"taxonomy":"product_tag","embeddable":true,"href":"https:\/\/tractor-stone-crusher.com\/da\/wp-json\/wp\/v2\/product_tag?post=265"}],"curies":[{"name":"wp","href":"https:\/\/api.w.org\/{rel}","templated":true}]}}